{"id":11777,"date":"2020-07-31T09:06:21","date_gmt":"2020-07-31T12:06:21","guid":{"rendered":"https:\/\/soberanadistribuidora.com.br\/site\/?post_type=product&#038;p=11777"},"modified":"2020-09-02T16:50:26","modified_gmt":"2020-09-02T19:50:26","slug":"termometro-digital-corporal","status":"publish","type":"product","link":"https:\/\/soberanadistribuidora.com.br\/site\/?product=termometro-digital-corporal","title":{"rendered":"Term\u00f4metro Digital Corporal"},"content":{"rendered":"<p>Medi\u00e7\u00e3o precisa, r\u00e1pida (1 segundo) e sem contato.<\/p>\n<p>O term\u00f4metro digital corporal sem contato fornece o resultado da medi\u00e7\u00e3o em apenas 1 segundo. \u00c9 um dos mais r\u00e1pidos do mercado.<\/p>\n<p>Alimenta\u00e7\u00e3o: 2 Pilha AAA (n\u00e3o acompanha pilha)<br \/>\nTemperatura de trabalho: 32\u00baC a 43\u00baC<br \/>\nPrecis\u00e3o: \u00b1 0,1\u00baC<br \/>\nErro m\u00e1ximo: 0,2\u00baC<br \/>\nDist\u00e2ncia ideal para medidas: 3 a 5 cm<br \/>\nStandby Autom\u00e1tico: 15s<\/p>\n","protected":false},"excerpt":{"rendered":"<p>Medi\u00e7\u00e3o precisa, r\u00e1pida (1 segundo) e sem contato. O term\u00f4metro digital corporal sem contato fornece o resultado da medi\u00e7\u00e3o em apenas 1 segundo. \u00c9 um dos mais r\u00e1pidos do mercado. Alimenta\u00e7\u00e3o: 2 Pilha AAA (n\u00e3o acompanha pilha) Temperatura de trabalho: 32\u00baC a 43\u00baC Precis\u00e3o: \u00b1 0,1\u00baC Erro m\u00e1ximo: 0,2\u00baC Dist\u00e2ncia ideal para medidas: 3 a [&hellip;]<\/p>\n","protected":false},"featured_media":11778,"comment_status":"open","ping_status":"closed","template":"","meta":{"_monsterinsights_skip_tracking":false,"_monsterinsights_sitenote_active":false,"_monsterinsights_sitenote_note":"","_monsterinsights_sitenote_category":0},"class_list":{"0":"post-11777","1":"product","2":"type-product","3":"status-publish","4":"has-post-thumbnail","6":"product_cat-diversos","7":"product_shipping_class-correios","9":"first","10":"instock","11":"shipping-taxable","12":"product-type-simple"},"yoast_head":"<!-- This site is optimized with the Yoast SEO plugin v15.4 - https:\/\/yoast.com\/wordpress\/plugins\/seo\/ -->\n<title>Term\u00f4metro Digital Corporal | Soberana Distribuidora<\/title>\n<meta name=\"description\" content=\"O term\u00f4metro digital corporal \u00e9 ideal para levar seguran\u00e7a para seus colaboradores e cliente nessa reabertura do com\u00e9rcio. Confira!\" \/>\n<meta name=\"robots\" content=\"index, follow, max-snippet:-1, max-image-preview:large, max-video-preview:-1\" \/>\n<link rel=\"canonical\" href=\"https:\/\/soberanadistribuidora.com.br\/site\/?product=termometro-digital-corporal\" \/>\n<meta property=\"og:locale\" content=\"pt_BR\" \/>\n<meta property=\"og:type\" content=\"article\" \/>\n<meta property=\"og:title\" content=\"Term\u00f4metro Digital Corporal | Soberana Distribuidora\" \/>\n<meta property=\"og:description\" content=\"O term\u00f4metro digital corporal \u00e9 ideal para levar seguran\u00e7a para seus colaboradores e cliente nessa reabertura do com\u00e9rcio. Confira!\" \/>\n<meta property=\"og:url\" content=\"https:\/\/soberanadistribuidora.com.br\/site\/?product=termometro-digital-corporal\" \/>\n<meta property=\"og:site_name\" content=\"Soberana Distribuidora\" \/>\n<meta property=\"article:publisher\" content=\"https:\/\/www.facebook.com\/soberanadistribuidora\" \/>\n<meta property=\"article:modified_time\" content=\"2020-09-02T19:50:26+00:00\" \/>\n<meta property=\"og:image\" content=\"https:\/\/soberanadistribuidora.com.br\/site\/wp-content\/uploads\/2020\/07\/Untitled-1-1.png\" \/>\n\t<meta property=\"og:image:width\" content=\"600\" \/>\n\t<meta property=\"og:image:height\" content=\"600\" \/>\n<meta name=\"twitter:card\" content=\"summary_large_image\" \/>\n<meta name=\"twitter:label1\" content=\"Written by\">\n\t<meta name=\"twitter:data1\" content=\"Clara Gon\u00e7alves de Oliveira\">\n\t<meta name=\"twitter:label2\" content=\"Est. reading time\">\n\t<meta name=\"twitter:data2\" content=\"0 minuto\">\n<script type=\"application\/ld+json\" class=\"yoast-schema-graph\">{\"@context\":\"https:\/\/schema.org\",\"@graph\":[{\"@type\":\"Organization\",\"@id\":\"https:\/\/soberanadistribuidora.com.br\/site\/#organization\",\"name\":\"Soberana Distribuidora\",\"url\":\"https:\/\/soberanadistribuidora.com.br\/site\/\",\"sameAs\":[\"https:\/\/www.facebook.com\/soberanadistribuidora\",\"https:\/\/www.instagram.com\/soberanadistribuidora\/\"],\"logo\":{\"@type\":\"ImageObject\",\"@id\":\"https:\/\/soberanadistribuidora.com.br\/site\/#logo\",\"inLanguage\":\"pt-BR\",\"url\":\"https:\/\/soberanadistribuidora.com.br\/site\/wp-content\/uploads\/2020\/04\/sob.png\",\"width\":244,\"height\":85,\"caption\":\"Soberana Distribuidora\"},\"image\":{\"@id\":\"https:\/\/soberanadistribuidora.com.br\/site\/#logo\"}},{\"@type\":\"WebSite\",\"@id\":\"https:\/\/soberanadistribuidora.com.br\/site\/#website\",\"url\":\"https:\/\/soberanadistribuidora.com.br\/site\/\",\"name\":\"Soberana Distribuidora\",\"description\":\"Utens\\u00edlios de cozinha para bares, hot\\u00e9is e restaurantes\",\"publisher\":{\"@id\":\"https:\/\/soberanadistribuidora.com.br\/site\/#organization\"},\"potentialAction\":[{\"@type\":\"SearchAction\",\"target\":\"https:\/\/soberanadistribuidora.com.br\/site\/?s={search_term_string}\",\"query-input\":\"required name=search_term_string\"}],\"inLanguage\":\"pt-BR\"},{\"@type\":\"ImageObject\",\"@id\":\"https:\/\/soberanadistribuidora.com.br\/site\/?product=termometro-digital-corporal#primaryimage\",\"inLanguage\":\"pt-BR\",\"url\":\"https:\/\/soberanadistribuidora.com.br\/site\/wp-content\/uploads\/2020\/07\/Untitled-1-1.png\",\"width\":600,\"height\":600,\"caption\":\"term\\u00f4metro\"},{\"@type\":\"WebPage\",\"@id\":\"https:\/\/soberanadistribuidora.com.br\/site\/?product=termometro-digital-corporal#webpage\",\"url\":\"https:\/\/soberanadistribuidora.com.br\/site\/?product=termometro-digital-corporal\",\"name\":\"Term\\u00f4metro Digital Corporal | Soberana Distribuidora\",\"isPartOf\":{\"@id\":\"https:\/\/soberanadistribuidora.com.br\/site\/#website\"},\"primaryImageOfPage\":{\"@id\":\"https:\/\/soberanadistribuidora.com.br\/site\/?product=termometro-digital-corporal#primaryimage\"},\"datePublished\":\"2020-07-31T12:06:21+00:00\",\"dateModified\":\"2020-09-02T19:50:26+00:00\",\"description\":\"O term\\u00f4metro digital corporal \\u00e9 ideal para levar seguran\\u00e7a para seus colaboradores e cliente nessa reabertura do com\\u00e9rcio. Confira!\",\"inLanguage\":\"pt-BR\",\"potentialAction\":[{\"@type\":\"ReadAction\",\"target\":[\"https:\/\/soberanadistribuidora.com.br\/site\/?product=termometro-digital-corporal\"]}]}]}<\/script>\n<!-- \/ Yoast SEO plugin. -->","_links":{"self":[{"href":"https:\/\/soberanadistribuidora.com.br\/site\/index.php?rest_route=\/wp\/v2\/product\/11777","targetHints":{"allow":["GET"]}}],"collection":[{"href":"https:\/\/soberanadistribuidora.com.br\/site\/index.php?rest_route=\/wp\/v2\/product"}],"about":[{"href":"https:\/\/soberanadistribuidora.com.br\/site\/index.php?rest_route=\/wp\/v2\/types\/product"}],"replies":[{"embeddable":true,"href":"https:\/\/soberanadistribuidora.com.br\/site\/index.php?rest_route=%2Fwp%2Fv2%2Fcomments&post=11777"}],"wp:featuredmedia":[{"embeddable":true,"href":"https:\/\/soberanadistribuidora.com.br\/site\/index.php?rest_route=\/wp\/v2\/media\/11778"}],"wp:attachment":[{"href":"https:\/\/soberanadistribuidora.com.br\/site\/index.php?rest_route=%2Fwp%2Fv2%2Fmedia&parent=11777"}],"curies":[{"name":"wp","href":"https:\/\/api.w.org\/{rel}","templated":true}]}}