{"id":11744,"date":"2020-07-24T08:57:00","date_gmt":"2020-07-24T11:57:00","guid":{"rendered":"https:\/\/soberanadistribuidora.com.br\/site\/?post_type=product&#038;p=11744"},"modified":"2020-10-13T16:52:55","modified_gmt":"2020-10-13T19:52:55","slug":"porta-comandas-fixar","status":"publish","type":"product","link":"https:\/\/soberanadistribuidora.com.br\/site\/?product=porta-comandas-fixar","title":{"rendered":"Porta Comandas 50\/75\/100 cm"},"content":{"rendered":"<p>O porta comandas de 50, 75 ou 100 cm da Fixar \u00e9 a melhor maneira para organizar comandas para mesas em restaurantes, bares e lanchonetes.<\/p>\n<p>Muito simples de usar, basta introduzir a comanda na barra organizadora e ela prender\u00e1 o papel ao ponto de, se puxar com for\u00e7a, rasgar o papel.<\/p>\n<p>Para retirara comanda, \u00e9 s\u00f3 puxar para cima e ela sair\u00e1 em suas m\u00e3os.<\/p>\n<p>As esferas que se encontram dentro do porta comandas se rotacionadas para baixo, prendem ainda mais o papel onde deve ficar.<\/p>\n<div style=\"width: 640px;\" class=\"wp-video\"><!--[if lt IE 9]><script>document.createElement('video');<\/script><![endif]-->\n<video class=\"wp-video-shortcode\" id=\"video-11744-1\" width=\"640\" height=\"352\" preload=\"metadata\" controls=\"controls\"><source type=\"video\/mp4\" src=\"https:\/\/soberanadistribuidora.com.br\/site\/wp-content\/uploads\/2020\/07\/WhatsApp-Video-2020-10-13-at-16.48.35.mp4?_=1\" \/><a href=\"https:\/\/soberanadistribuidora.com.br\/site\/wp-content\/uploads\/2020\/07\/WhatsApp-Video-2020-10-13-at-16.48.35.mp4\">https:\/\/soberanadistribuidora.com.br\/site\/wp-content\/uploads\/2020\/07\/WhatsApp-Video-2020-10-13-at-16.48.35.mp4<\/a><\/video><\/div>\n","protected":false},"excerpt":{"rendered":"<p><strong>Marca<\/strong>: Fixar<\/p>\n","protected":false},"featured_media":11804,"comment_status":"open","ping_status":"closed","template":"","meta":{"_monsterinsights_skip_tracking":false,"_monsterinsights_sitenote_active":false,"_monsterinsights_sitenote_note":"","_monsterinsights_sitenote_category":0},"class_list":{"0":"post-11744","1":"product","2":"type-product","3":"status-publish","4":"has-post-thumbnail","6":"product_cat-diversos","7":"product_cat-fixar","8":"product_shipping_class-correios","10":"first","11":"instock","12":"shipping-taxable","13":"product-type-simple"},"yoast_head":"<!-- This site is optimized with the Yoast SEO plugin v15.4 - https:\/\/yoast.com\/wordpress\/plugins\/seo\/ -->\n<title>Porta Comandas 50\/75\/100 cm | Soberana Distribuidora<\/title>\n<meta name=\"description\" content=\"O porta comandas de 50 cm da Fixar \u00e9 a melhor maneira para organizar comandas para mesas em restaurantes, bares e lanchonetes.\u00a0Confira!\" \/>\n<meta name=\"robots\" content=\"index, follow, max-snippet:-1, max-image-preview:large, max-video-preview:-1\" \/>\n<link rel=\"canonical\" href=\"https:\/\/soberanadistribuidora.com.br\/site\/?product=porta-comandas-fixar\" \/>\n<meta property=\"og:locale\" content=\"pt_BR\" \/>\n<meta property=\"og:type\" content=\"article\" \/>\n<meta property=\"og:title\" content=\"Porta Comandas 50\/75\/100 cm | Soberana Distribuidora\" \/>\n<meta property=\"og:description\" content=\"O porta comandas de 50 cm da Fixar \u00e9 a melhor maneira para organizar comandas para mesas em restaurantes, bares e lanchonetes.\u00a0Confira!\" \/>\n<meta property=\"og:url\" content=\"https:\/\/soberanadistribuidora.com.br\/site\/?product=porta-comandas-fixar\" \/>\n<meta property=\"og:site_name\" content=\"Soberana Distribuidora\" \/>\n<meta property=\"article:publisher\" content=\"https:\/\/www.facebook.com\/soberanadistribuidora\" \/>\n<meta property=\"article:modified_time\" content=\"2020-10-13T19:52:55+00:00\" \/>\n<meta property=\"og:image\" content=\"https:\/\/soberanadistribuidora.com.br\/site\/wp-content\/uploads\/2020\/07\/WhatsApp-Image-2020-10-13-at-16.47.49.jpeg\" \/>\n\t<meta property=\"og:image:width\" content=\"760\" \/>\n\t<meta property=\"og:image:height\" content=\"695\" \/>\n<meta name=\"twitter:card\" content=\"summary_large_image\" \/>\n<meta name=\"twitter:label1\" content=\"Written by\">\n\t<meta name=\"twitter:data1\" content=\"Clara Gon\u00e7alves de Oliveira\">\n\t<meta name=\"twitter:label2\" content=\"Est. reading time\">\n\t<meta name=\"twitter:data2\" content=\"0 minuto\">\n<script type=\"application\/ld+json\" class=\"yoast-schema-graph\">{\"@context\":\"https:\/\/schema.org\",\"@graph\":[{\"@type\":\"Organization\",\"@id\":\"https:\/\/soberanadistribuidora.com.br\/site\/#organization\",\"name\":\"Soberana Distribuidora\",\"url\":\"https:\/\/soberanadistribuidora.com.br\/site\/\",\"sameAs\":[\"https:\/\/www.facebook.com\/soberanadistribuidora\",\"https:\/\/www.instagram.com\/soberanadistribuidora\/\"],\"logo\":{\"@type\":\"ImageObject\",\"@id\":\"https:\/\/soberanadistribuidora.com.br\/site\/#logo\",\"inLanguage\":\"pt-BR\",\"url\":\"https:\/\/soberanadistribuidora.com.br\/site\/wp-content\/uploads\/2020\/04\/sob.png\",\"width\":244,\"height\":85,\"caption\":\"Soberana Distribuidora\"},\"image\":{\"@id\":\"https:\/\/soberanadistribuidora.com.br\/site\/#logo\"}},{\"@type\":\"WebSite\",\"@id\":\"https:\/\/soberanadistribuidora.com.br\/site\/#website\",\"url\":\"https:\/\/soberanadistribuidora.com.br\/site\/\",\"name\":\"Soberana Distribuidora\",\"description\":\"Utens\\u00edlios de cozinha para bares, hot\\u00e9is e restaurantes\",\"publisher\":{\"@id\":\"https:\/\/soberanadistribuidora.com.br\/site\/#organization\"},\"potentialAction\":[{\"@type\":\"SearchAction\",\"target\":\"https:\/\/soberanadistribuidora.com.br\/site\/?s={search_term_string}\",\"query-input\":\"required name=search_term_string\"}],\"inLanguage\":\"pt-BR\"},{\"@type\":\"ImageObject\",\"@id\":\"https:\/\/soberanadistribuidora.com.br\/site\/?product=porta-comandas-fixar#primaryimage\",\"inLanguage\":\"pt-BR\",\"url\":\"https:\/\/soberanadistribuidora.com.br\/site\/wp-content\/uploads\/2020\/07\/WhatsApp-Image-2020-10-13-at-16.47.49.jpeg\",\"width\":760,\"height\":695},{\"@type\":\"WebPage\",\"@id\":\"https:\/\/soberanadistribuidora.com.br\/site\/?product=porta-comandas-fixar#webpage\",\"url\":\"https:\/\/soberanadistribuidora.com.br\/site\/?product=porta-comandas-fixar\",\"name\":\"Porta Comandas 50\/75\/100 cm | Soberana Distribuidora\",\"isPartOf\":{\"@id\":\"https:\/\/soberanadistribuidora.com.br\/site\/#website\"},\"primaryImageOfPage\":{\"@id\":\"https:\/\/soberanadistribuidora.com.br\/site\/?product=porta-comandas-fixar#primaryimage\"},\"datePublished\":\"2020-07-24T11:57:00+00:00\",\"dateModified\":\"2020-10-13T19:52:55+00:00\",\"description\":\"O porta comandas de 50 cm da Fixar \\u00e9 a melhor maneira para organizar comandas para mesas em restaurantes, bares e lanchonetes.\\u00a0Confira!\",\"inLanguage\":\"pt-BR\",\"potentialAction\":[{\"@type\":\"ReadAction\",\"target\":[\"https:\/\/soberanadistribuidora.com.br\/site\/?product=porta-comandas-fixar\"]}]}]}<\/script>\n<!-- \/ Yoast SEO plugin. -->","_links":{"self":[{"href":"https:\/\/soberanadistribuidora.com.br\/site\/index.php?rest_route=\/wp\/v2\/product\/11744","targetHints":{"allow":["GET"]}}],"collection":[{"href":"https:\/\/soberanadistribuidora.com.br\/site\/index.php?rest_route=\/wp\/v2\/product"}],"about":[{"href":"https:\/\/soberanadistribuidora.com.br\/site\/index.php?rest_route=\/wp\/v2\/types\/product"}],"replies":[{"embeddable":true,"href":"https:\/\/soberanadistribuidora.com.br\/site\/index.php?rest_route=%2Fwp%2Fv2%2Fcomments&post=11744"}],"wp:featuredmedia":[{"embeddable":true,"href":"https:\/\/soberanadistribuidora.com.br\/site\/index.php?rest_route=\/wp\/v2\/media\/11804"}],"wp:attachment":[{"href":"https:\/\/soberanadistribuidora.com.br\/site\/index.php?rest_route=%2Fwp%2Fv2%2Fmedia&parent=11744"}],"curies":[{"name":"wp","href":"https:\/\/api.w.org\/{rel}","templated":true}]}}