{"id":11681,"date":"2020-06-22T16:41:59","date_gmt":"2020-06-22T19:41:59","guid":{"rendered":"https:\/\/soberanadistribuidora.com.br\/site\/?post_type=product&#038;p=11681"},"modified":"2020-09-03T08:11:59","modified_gmt":"2020-09-03T11:11:59","slug":"seladora-de-quentinha-marmitex","status":"publish","type":"product","link":"https:\/\/soberanadistribuidora.com.br\/site\/?product=seladora-de-quentinha-marmitex","title":{"rendered":"Seladora de Quentinha (Marmitex)"},"content":{"rendered":"<p>A seladora de quentinha (marmitex) da Vitalex \u00e9 ideal para lacrar marmitas descart\u00e1veis, tornando a produ\u00e7\u00e3o em seu estabelecimento mais r\u00e1pida e eficiente.<\/p>\n<p>Sua selagem \u00e9 perfeita evitando assim o derramamento de alimentos e desperd\u00edcio.<\/p>\n<p>O fechamento da marmita \u00e9 muito simples: basta acoplar a marmita no aro, colocar a tampa, abaixar a parte superior que possui roldanas e girar at\u00e9 que toda a borda da marmita seja lacrada.<\/p>\n","protected":false},"excerpt":{"rendered":"<p><strong>Marca<\/strong>: Vitalex<\/p>\n","protected":false},"featured_media":11682,"comment_status":"open","ping_status":"closed","template":"","meta":{"_monsterinsights_skip_tracking":false,"_monsterinsights_sitenote_active":false,"_monsterinsights_sitenote_note":"","_monsterinsights_sitenote_category":0},"class_list":{"0":"post-11681","1":"product","2":"type-product","3":"status-publish","4":"has-post-thumbnail","6":"product_cat-aluminio-arame-ferro","7":"product_cat-vitalex","8":"product_shipping_class-correios","10":"first","11":"instock","12":"shipping-taxable","13":"product-type-simple"},"yoast_head":"<!-- This site is optimized with the Yoast SEO plugin v15.4 - https:\/\/yoast.com\/wordpress\/plugins\/seo\/ -->\n<title>Seladora de Quentinha (Marmitex) | Soberana Distribuidora<\/title>\n<meta name=\"description\" content=\"A seladora de quentinha (marmitex) da Vitalex \u00e9 ideal para lacrar marmitas descart\u00e1veis, tornando a sua produ\u00e7\u00e3o mais r\u00e1pida e eficiente.\" \/>\n<meta name=\"robots\" content=\"index, follow, max-snippet:-1, max-image-preview:large, max-video-preview:-1\" \/>\n<link rel=\"canonical\" href=\"https:\/\/soberanadistribuidora.com.br\/site\/?product=seladora-de-quentinha-marmitex\" \/>\n<meta property=\"og:locale\" content=\"pt_BR\" \/>\n<meta property=\"og:type\" content=\"article\" \/>\n<meta property=\"og:title\" content=\"Seladora de Quentinha (Marmitex) | Soberana Distribuidora\" \/>\n<meta property=\"og:description\" content=\"A seladora de quentinha (marmitex) da Vitalex \u00e9 ideal para lacrar marmitas descart\u00e1veis, tornando a sua produ\u00e7\u00e3o mais r\u00e1pida e eficiente.\" \/>\n<meta property=\"og:url\" content=\"https:\/\/soberanadistribuidora.com.br\/site\/?product=seladora-de-quentinha-marmitex\" \/>\n<meta property=\"og:site_name\" content=\"Soberana Distribuidora\" \/>\n<meta property=\"article:publisher\" content=\"https:\/\/www.facebook.com\/soberanadistribuidora\" \/>\n<meta property=\"article:modified_time\" content=\"2020-09-03T11:11:59+00:00\" \/>\n<meta property=\"og:image\" content=\"https:\/\/soberanadistribuidora.com.br\/site\/wp-content\/uploads\/2020\/06\/seladora-quentinhaivitalex.jpg\" \/>\n\t<meta property=\"og:image:width\" content=\"600\" \/>\n\t<meta property=\"og:image:height\" content=\"600\" \/>\n<meta name=\"twitter:card\" content=\"summary_large_image\" \/>\n<meta name=\"twitter:label1\" content=\"Written by\">\n\t<meta name=\"twitter:data1\" content=\"Clara Gon\u00e7alves de Oliveira\">\n\t<meta name=\"twitter:label2\" content=\"Est. reading time\">\n\t<meta name=\"twitter:data2\" content=\"0 minuto\">\n<script type=\"application\/ld+json\" class=\"yoast-schema-graph\">{\"@context\":\"https:\/\/schema.org\",\"@graph\":[{\"@type\":\"Organization\",\"@id\":\"https:\/\/soberanadistribuidora.com.br\/site\/#organization\",\"name\":\"Soberana Distribuidora\",\"url\":\"https:\/\/soberanadistribuidora.com.br\/site\/\",\"sameAs\":[\"https:\/\/www.facebook.com\/soberanadistribuidora\",\"https:\/\/www.instagram.com\/soberanadistribuidora\/\"],\"logo\":{\"@type\":\"ImageObject\",\"@id\":\"https:\/\/soberanadistribuidora.com.br\/site\/#logo\",\"inLanguage\":\"pt-BR\",\"url\":\"https:\/\/soberanadistribuidora.com.br\/site\/wp-content\/uploads\/2020\/04\/sob.png\",\"width\":244,\"height\":85,\"caption\":\"Soberana Distribuidora\"},\"image\":{\"@id\":\"https:\/\/soberanadistribuidora.com.br\/site\/#logo\"}},{\"@type\":\"WebSite\",\"@id\":\"https:\/\/soberanadistribuidora.com.br\/site\/#website\",\"url\":\"https:\/\/soberanadistribuidora.com.br\/site\/\",\"name\":\"Soberana Distribuidora\",\"description\":\"Utens\\u00edlios de cozinha para bares, hot\\u00e9is e restaurantes\",\"publisher\":{\"@id\":\"https:\/\/soberanadistribuidora.com.br\/site\/#organization\"},\"potentialAction\":[{\"@type\":\"SearchAction\",\"target\":\"https:\/\/soberanadistribuidora.com.br\/site\/?s={search_term_string}\",\"query-input\":\"required name=search_term_string\"}],\"inLanguage\":\"pt-BR\"},{\"@type\":\"ImageObject\",\"@id\":\"https:\/\/soberanadistribuidora.com.br\/site\/?product=seladora-de-quentinha-marmitex#primaryimage\",\"inLanguage\":\"pt-BR\",\"url\":\"https:\/\/soberanadistribuidora.com.br\/site\/wp-content\/uploads\/2020\/06\/seladora-quentinhaivitalex.jpg\",\"width\":600,\"height\":600,\"caption\":\"seladora marmitex\"},{\"@type\":\"WebPage\",\"@id\":\"https:\/\/soberanadistribuidora.com.br\/site\/?product=seladora-de-quentinha-marmitex#webpage\",\"url\":\"https:\/\/soberanadistribuidora.com.br\/site\/?product=seladora-de-quentinha-marmitex\",\"name\":\"Seladora de Quentinha (Marmitex) | Soberana Distribuidora\",\"isPartOf\":{\"@id\":\"https:\/\/soberanadistribuidora.com.br\/site\/#website\"},\"primaryImageOfPage\":{\"@id\":\"https:\/\/soberanadistribuidora.com.br\/site\/?product=seladora-de-quentinha-marmitex#primaryimage\"},\"datePublished\":\"2020-06-22T19:41:59+00:00\",\"dateModified\":\"2020-09-03T11:11:59+00:00\",\"description\":\"A seladora de quentinha (marmitex) da Vitalex \\u00e9 ideal para lacrar marmitas descart\\u00e1veis, tornando a sua produ\\u00e7\\u00e3o mais r\\u00e1pida e eficiente.\",\"inLanguage\":\"pt-BR\",\"potentialAction\":[{\"@type\":\"ReadAction\",\"target\":[\"https:\/\/soberanadistribuidora.com.br\/site\/?product=seladora-de-quentinha-marmitex\"]}]}]}<\/script>\n<!-- \/ Yoast SEO plugin. -->","_links":{"self":[{"href":"https:\/\/soberanadistribuidora.com.br\/site\/index.php?rest_route=\/wp\/v2\/product\/11681","targetHints":{"allow":["GET"]}}],"collection":[{"href":"https:\/\/soberanadistribuidora.com.br\/site\/index.php?rest_route=\/wp\/v2\/product"}],"about":[{"href":"https:\/\/soberanadistribuidora.com.br\/site\/index.php?rest_route=\/wp\/v2\/types\/product"}],"replies":[{"embeddable":true,"href":"https:\/\/soberanadistribuidora.com.br\/site\/index.php?rest_route=%2Fwp%2Fv2%2Fcomments&post=11681"}],"wp:featuredmedia":[{"embeddable":true,"href":"https:\/\/soberanadistribuidora.com.br\/site\/index.php?rest_route=\/wp\/v2\/media\/11682"}],"wp:attachment":[{"href":"https:\/\/soberanadistribuidora.com.br\/site\/index.php?rest_route=%2Fwp%2Fv2%2Fmedia&parent=11681"}],"curies":[{"name":"wp","href":"https:\/\/api.w.org\/{rel}","templated":true}]}}