{"id":11560,"date":"2020-06-09T11:18:18","date_gmt":"2020-06-09T14:18:18","guid":{"rendered":"https:\/\/soberanadistribuidora.com.br\/site\/?post_type=product&#038;p=11560"},"modified":"2020-09-03T08:11:55","modified_gmt":"2020-09-03T11:11:55","slug":"travessa-sushi-sashimi-melamina-preta","status":"publish","type":"product","link":"https:\/\/soberanadistribuidora.com.br\/site\/?product=travessa-sushi-sashimi-melamina-preta","title":{"rendered":"Travessa Sushi-Sashimi Melamina Preta 20\/25\/30 cm"},"content":{"rendered":"<p>A travessa para sushi-sashimi preta da MarcaMix \u2013 Gourmet Mix \u00e9 produzido em melamina 100% profissional.<\/p>\n<p>Medidas do produto 20cm (CxL): 20 x 14 cm<\/p>\n<p>Medidas do produto 25cm (CxL): 25 x 17 cm<\/p>\n<p>Medidas do produto 30cm (CxLxA): 30 x 21 cm<\/p>\n<p>Vantagens da melamina:<\/p>\n<ul>\n<li>\u00c9 uma solu\u00e7\u00e3o elegante e econ\u00f4mica para opera\u00e7\u00e3o de food service, tornando-se ideais para otimizar ambientes e espa\u00e7os por serem pe\u00e7as leves e empilh\u00e1veis.<\/li>\n<li>Proporciona uma apresenta\u00e7\u00e3o mais sofisticada que a lou\u00e7a descart\u00e1vel e mais dur\u00e1vel que o vidro ou a porcelana.<\/li>\n<li>Pr\u00f3pria para a etapa de servir alimentos em altas e baixas temperaturas .<\/li>\n<li>A melamina possui um \u00f3timo isolante t\u00e9rmico, dessa forma mesmo quando se serve pratos quentes, ela permanece fria ao toque, evitando queimaduras.<\/li>\n<li>A melamina \u00e9 100% segura para ser lavada na m\u00e1quina de lavar lou\u00e7a, resistindo a temperatura da \u00e1gua e ao processo de lavagem, ao contr\u00e1rio das lou\u00e7as de vidro ou porcelana.<\/li>\n<li>N\u00e3o ret\u00e9m cheiro nem sabor, sendo extremamente resistentes para suportar quedas e atritos do dia a dia.<\/li>\n<\/ul>\n<p>Para conservar a pe\u00e7a sempre brilhante, utilize um detergente neutro na lavagem.<\/p>\n<p>Pode ser lavada em m\u00e1quina de lavar lou\u00e7as, em casa ou industriais.<\/p>\n<p>N\u00e3o use o lado verde da esponja ou bucha de metal.<\/p>\n<p>N\u00e3o leve ao forno convencional e nem ao forno de microondas, pois danificar\u00e1 o produto.<\/p>\n","protected":false},"excerpt":{"rendered":"<p><strong>Marca:<\/strong> MarcaMix &#8211; Gourmet Mix<\/p>\n","protected":false},"featured_media":11562,"comment_status":"open","ping_status":"closed","template":"","meta":{"_monsterinsights_skip_tracking":false,"_monsterinsights_sitenote_active":false,"_monsterinsights_sitenote_note":"","_monsterinsights_sitenote_category":0},"class_list":{"0":"post-11560","1":"product","2":"type-product","3":"status-publish","4":"has-post-thumbnail","6":"product_cat-marcamix-melamina","7":"product_cat-melamina","8":"product_shipping_class-correios","10":"first","11":"instock","12":"shipping-taxable","13":"product-type-variable"},"yoast_head":"<!-- This site is optimized with the Yoast SEO plugin v15.4 - https:\/\/yoast.com\/wordpress\/plugins\/seo\/ -->\n<title>Travessa Sushi-Sashimi Melamina Preta 20\/25\/30 cm | Soberana Distribuidora<\/title>\n<meta name=\"description\" content=\"A travessa para sushi-sashimi preta da MarcaMix \u2013 Gourmet Mix \u00e9 produzido em melamina 100% profissional. Ideal para voc\u00ea, confira!\" \/>\n<meta name=\"robots\" content=\"index, follow, max-snippet:-1, max-image-preview:large, max-video-preview:-1\" \/>\n<link rel=\"canonical\" href=\"https:\/\/soberanadistribuidora.com.br\/site\/?product=travessa-sushi-sashimi-melamina-preta\" \/>\n<meta property=\"og:locale\" content=\"pt_BR\" \/>\n<meta property=\"og:type\" content=\"article\" \/>\n<meta property=\"og:title\" content=\"Travessa Sushi-Sashimi Melamina Preta 20\/25\/30 cm | Soberana Distribuidora\" \/>\n<meta property=\"og:description\" content=\"A travessa para sushi-sashimi preta da MarcaMix \u2013 Gourmet Mix \u00e9 produzido em melamina 100% profissional. Ideal para voc\u00ea, confira!\" \/>\n<meta property=\"og:url\" content=\"https:\/\/soberanadistribuidora.com.br\/site\/?product=travessa-sushi-sashimi-melamina-preta\" \/>\n<meta property=\"og:site_name\" content=\"Soberana Distribuidora\" \/>\n<meta property=\"article:publisher\" content=\"https:\/\/www.facebook.com\/soberanadistribuidora\" \/>\n<meta property=\"article:modified_time\" content=\"2020-09-03T11:11:55+00:00\" \/>\n<meta property=\"og:image\" content=\"https:\/\/soberanadistribuidora.com.br\/site\/wp-content\/uploads\/2020\/06\/travessa-sushi-sashimi-melamina-preta.jpg\" \/>\n\t<meta property=\"og:image:width\" content=\"600\" \/>\n\t<meta property=\"og:image:height\" content=\"600\" \/>\n<meta name=\"twitter:card\" content=\"summary_large_image\" \/>\n<meta name=\"twitter:label1\" content=\"Written by\">\n\t<meta name=\"twitter:data1\" content=\"Clara Gon\u00e7alves de Oliveira\">\n\t<meta name=\"twitter:label2\" content=\"Est. reading time\">\n\t<meta name=\"twitter:data2\" content=\"1 minuto\">\n<script type=\"application\/ld+json\" class=\"yoast-schema-graph\">{\"@context\":\"https:\/\/schema.org\",\"@graph\":[{\"@type\":\"Organization\",\"@id\":\"https:\/\/soberanadistribuidora.com.br\/site\/#organization\",\"name\":\"Soberana Distribuidora\",\"url\":\"https:\/\/soberanadistribuidora.com.br\/site\/\",\"sameAs\":[\"https:\/\/www.facebook.com\/soberanadistribuidora\",\"https:\/\/www.instagram.com\/soberanadistribuidora\/\"],\"logo\":{\"@type\":\"ImageObject\",\"@id\":\"https:\/\/soberanadistribuidora.com.br\/site\/#logo\",\"inLanguage\":\"pt-BR\",\"url\":\"https:\/\/soberanadistribuidora.com.br\/site\/wp-content\/uploads\/2020\/04\/sob.png\",\"width\":244,\"height\":85,\"caption\":\"Soberana Distribuidora\"},\"image\":{\"@id\":\"https:\/\/soberanadistribuidora.com.br\/site\/#logo\"}},{\"@type\":\"WebSite\",\"@id\":\"https:\/\/soberanadistribuidora.com.br\/site\/#website\",\"url\":\"https:\/\/soberanadistribuidora.com.br\/site\/\",\"name\":\"Soberana Distribuidora\",\"description\":\"Utens\\u00edlios de cozinha para bares, hot\\u00e9is e restaurantes\",\"publisher\":{\"@id\":\"https:\/\/soberanadistribuidora.com.br\/site\/#organization\"},\"potentialAction\":[{\"@type\":\"SearchAction\",\"target\":\"https:\/\/soberanadistribuidora.com.br\/site\/?s={search_term_string}\",\"query-input\":\"required name=search_term_string\"}],\"inLanguage\":\"pt-BR\"},{\"@type\":\"ImageObject\",\"@id\":\"https:\/\/soberanadistribuidora.com.br\/site\/?product=travessa-sushi-sashimi-melamina-preta#primaryimage\",\"inLanguage\":\"pt-BR\",\"url\":\"https:\/\/soberanadistribuidora.com.br\/site\/wp-content\/uploads\/2020\/06\/travessa-sushi-sashimi-melamina-preta.jpg\",\"width\":600,\"height\":600,\"caption\":\"travessa-sushi\"},{\"@type\":\"WebPage\",\"@id\":\"https:\/\/soberanadistribuidora.com.br\/site\/?product=travessa-sushi-sashimi-melamina-preta#webpage\",\"url\":\"https:\/\/soberanadistribuidora.com.br\/site\/?product=travessa-sushi-sashimi-melamina-preta\",\"name\":\"Travessa Sushi-Sashimi Melamina Preta 20\/25\/30 cm | Soberana Distribuidora\",\"isPartOf\":{\"@id\":\"https:\/\/soberanadistribuidora.com.br\/site\/#website\"},\"primaryImageOfPage\":{\"@id\":\"https:\/\/soberanadistribuidora.com.br\/site\/?product=travessa-sushi-sashimi-melamina-preta#primaryimage\"},\"datePublished\":\"2020-06-09T14:18:18+00:00\",\"dateModified\":\"2020-09-03T11:11:55+00:00\",\"description\":\"A travessa para sushi-sashimi preta da MarcaMix \\u2013 Gourmet Mix \\u00e9 produzido em melamina 100% profissional. Ideal para voc\\u00ea, confira!\",\"inLanguage\":\"pt-BR\",\"potentialAction\":[{\"@type\":\"ReadAction\",\"target\":[\"https:\/\/soberanadistribuidora.com.br\/site\/?product=travessa-sushi-sashimi-melamina-preta\"]}]}]}<\/script>\n<!-- \/ Yoast SEO plugin. -->","_links":{"self":[{"href":"https:\/\/soberanadistribuidora.com.br\/site\/index.php?rest_route=\/wp\/v2\/product\/11560","targetHints":{"allow":["GET"]}}],"collection":[{"href":"https:\/\/soberanadistribuidora.com.br\/site\/index.php?rest_route=\/wp\/v2\/product"}],"about":[{"href":"https:\/\/soberanadistribuidora.com.br\/site\/index.php?rest_route=\/wp\/v2\/types\/product"}],"replies":[{"embeddable":true,"href":"https:\/\/soberanadistribuidora.com.br\/site\/index.php?rest_route=%2Fwp%2Fv2%2Fcomments&post=11560"}],"wp:featuredmedia":[{"embeddable":true,"href":"https:\/\/soberanadistribuidora.com.br\/site\/index.php?rest_route=\/wp\/v2\/media\/11562"}],"wp:attachment":[{"href":"https:\/\/soberanadistribuidora.com.br\/site\/index.php?rest_route=%2Fwp%2Fv2%2Fmedia&parent=11560"}],"curies":[{"name":"wp","href":"https:\/\/api.w.org\/{rel}","templated":true}]}}