{"id":11526,"date":"2020-06-08T16:42:45","date_gmt":"2020-06-08T19:42:45","guid":{"rendered":"https:\/\/soberanadistribuidora.com.br\/site\/?post_type=product&#038;p=11526"},"modified":"2021-01-13T17:00:55","modified_gmt":"2021-01-13T20:00:55","slug":"cacarola-baldeadeira-20-22cm","status":"publish","type":"product","link":"https:\/\/soberanadistribuidora.com.br\/site\/?product=cacarola-baldeadeira-20-22cm","title":{"rendered":"Ca\u00e7arola Baldeadeira 20\/22 cm"},"content":{"rendered":"<p>A ca\u00e7arola baldeadeira da ABC \u00e9 produzida em alum\u00ednio de qualidade, com bico e sem tampa.<\/p>\n<p>Medidas do produto 20cm (CxLxA): 20 x 20 x 10,5 cm &#8211; Capacidade: 2,9l<\/p>\n<p>Medidas do produto 22cm (CxLxA): 22 x 22 x 12 cm &#8211; Capacidade: 4,0l<\/p>\n","protected":false},"excerpt":{"rendered":"<p><strong>Marca<\/strong>: ABC<\/p>\n","protected":false},"featured_media":11529,"comment_status":"open","ping_status":"closed","template":"","meta":{"_monsterinsights_skip_tracking":false,"_monsterinsights_sitenote_active":false,"_monsterinsights_sitenote_note":"","_monsterinsights_sitenote_category":0},"class_list":{"0":"post-11526","1":"product","2":"type-product","3":"status-publish","4":"has-post-thumbnail","6":"product_cat-abc","7":"product_cat-aluminio-arame-ferro","8":"product_shipping_class-correios","10":"first","11":"instock","12":"shipping-taxable","13":"product-type-variable"},"yoast_head":"<!-- This site is optimized with the Yoast SEO plugin v15.4 - https:\/\/yoast.com\/wordpress\/plugins\/seo\/ -->\n<title>Ca\u00e7arola Baldeadeira 20\/22 cm | Soberana Distribuidora<\/title>\n<meta name=\"description\" content=\"A ca\u00e7arola baldeadeira da ABC \u00e9 produzida em alum\u00ednio de qualidade, com bico e sem tampa. Ideal para voc\u00ea e sua cozinha, confira!\" \/>\n<meta name=\"robots\" content=\"index, follow, max-snippet:-1, max-image-preview:large, max-video-preview:-1\" \/>\n<link rel=\"canonical\" href=\"https:\/\/soberanadistribuidora.com.br\/site\/?product=cacarola-baldeadeira-20-22cm\" \/>\n<meta property=\"og:locale\" content=\"pt_BR\" \/>\n<meta property=\"og:type\" content=\"article\" \/>\n<meta property=\"og:title\" content=\"Ca\u00e7arola Baldeadeira 20\/22 cm | Soberana Distribuidora\" \/>\n<meta property=\"og:description\" content=\"A ca\u00e7arola baldeadeira da ABC \u00e9 produzida em alum\u00ednio de qualidade, com bico e sem tampa. Ideal para voc\u00ea e sua cozinha, confira!\" \/>\n<meta property=\"og:url\" content=\"https:\/\/soberanadistribuidora.com.br\/site\/?product=cacarola-baldeadeira-20-22cm\" \/>\n<meta property=\"og:site_name\" content=\"Soberana Distribuidora\" \/>\n<meta property=\"article:publisher\" content=\"https:\/\/www.facebook.com\/soberanadistribuidora\" \/>\n<meta property=\"article:modified_time\" content=\"2021-01-13T20:00:55+00:00\" \/>\n<meta property=\"og:image\" content=\"https:\/\/soberanadistribuidora.com.br\/site\/wp-content\/uploads\/2020\/06\/ca\u00e7arola-baldeadeira.jpg\" \/>\n\t<meta property=\"og:image:width\" content=\"600\" \/>\n\t<meta property=\"og:image:height\" content=\"600\" \/>\n<meta name=\"twitter:card\" content=\"summary_large_image\" \/>\n<meta name=\"twitter:label1\" content=\"Written by\">\n\t<meta name=\"twitter:data1\" content=\"Clara Gon\u00e7alves de Oliveira\">\n\t<meta name=\"twitter:label2\" content=\"Est. reading time\">\n\t<meta name=\"twitter:data2\" content=\"0 minuto\">\n<script type=\"application\/ld+json\" class=\"yoast-schema-graph\">{\"@context\":\"https:\/\/schema.org\",\"@graph\":[{\"@type\":\"Organization\",\"@id\":\"https:\/\/soberanadistribuidora.com.br\/site\/#organization\",\"name\":\"Soberana Distribuidora\",\"url\":\"https:\/\/soberanadistribuidora.com.br\/site\/\",\"sameAs\":[\"https:\/\/www.facebook.com\/soberanadistribuidora\",\"https:\/\/www.instagram.com\/soberanadistribuidora\/\"],\"logo\":{\"@type\":\"ImageObject\",\"@id\":\"https:\/\/soberanadistribuidora.com.br\/site\/#logo\",\"inLanguage\":\"pt-BR\",\"url\":\"https:\/\/soberanadistribuidora.com.br\/site\/wp-content\/uploads\/2020\/04\/sob.png\",\"width\":244,\"height\":85,\"caption\":\"Soberana Distribuidora\"},\"image\":{\"@id\":\"https:\/\/soberanadistribuidora.com.br\/site\/#logo\"}},{\"@type\":\"WebSite\",\"@id\":\"https:\/\/soberanadistribuidora.com.br\/site\/#website\",\"url\":\"https:\/\/soberanadistribuidora.com.br\/site\/\",\"name\":\"Soberana Distribuidora\",\"description\":\"Utens\\u00edlios de cozinha para bares, hot\\u00e9is e restaurantes\",\"publisher\":{\"@id\":\"https:\/\/soberanadistribuidora.com.br\/site\/#organization\"},\"potentialAction\":[{\"@type\":\"SearchAction\",\"target\":\"https:\/\/soberanadistribuidora.com.br\/site\/?s={search_term_string}\",\"query-input\":\"required name=search_term_string\"}],\"inLanguage\":\"pt-BR\"},{\"@type\":\"ImageObject\",\"@id\":\"https:\/\/soberanadistribuidora.com.br\/site\/?product=cacarola-baldeadeira-20-22cm#primaryimage\",\"inLanguage\":\"pt-BR\",\"url\":\"https:\/\/soberanadistribuidora.com.br\/site\/wp-content\/uploads\/2020\/06\/ca\\u00e7arola-baldeadeira.jpg\",\"width\":600,\"height\":600,\"caption\":\"ca\\u00e7arola\"},{\"@type\":\"WebPage\",\"@id\":\"https:\/\/soberanadistribuidora.com.br\/site\/?product=cacarola-baldeadeira-20-22cm#webpage\",\"url\":\"https:\/\/soberanadistribuidora.com.br\/site\/?product=cacarola-baldeadeira-20-22cm\",\"name\":\"Ca\\u00e7arola Baldeadeira 20\/22 cm | Soberana Distribuidora\",\"isPartOf\":{\"@id\":\"https:\/\/soberanadistribuidora.com.br\/site\/#website\"},\"primaryImageOfPage\":{\"@id\":\"https:\/\/soberanadistribuidora.com.br\/site\/?product=cacarola-baldeadeira-20-22cm#primaryimage\"},\"datePublished\":\"2020-06-08T19:42:45+00:00\",\"dateModified\":\"2021-01-13T20:00:55+00:00\",\"description\":\"A ca\\u00e7arola baldeadeira da ABC \\u00e9 produzida em alum\\u00ednio de qualidade, com bico e sem tampa. Ideal para voc\\u00ea e sua cozinha, confira!\",\"inLanguage\":\"pt-BR\",\"potentialAction\":[{\"@type\":\"ReadAction\",\"target\":[\"https:\/\/soberanadistribuidora.com.br\/site\/?product=cacarola-baldeadeira-20-22cm\"]}]}]}<\/script>\n<!-- \/ Yoast SEO plugin. -->","_links":{"self":[{"href":"https:\/\/soberanadistribuidora.com.br\/site\/index.php?rest_route=\/wp\/v2\/product\/11526","targetHints":{"allow":["GET"]}}],"collection":[{"href":"https:\/\/soberanadistribuidora.com.br\/site\/index.php?rest_route=\/wp\/v2\/product"}],"about":[{"href":"https:\/\/soberanadistribuidora.com.br\/site\/index.php?rest_route=\/wp\/v2\/types\/product"}],"replies":[{"embeddable":true,"href":"https:\/\/soberanadistribuidora.com.br\/site\/index.php?rest_route=%2Fwp%2Fv2%2Fcomments&post=11526"}],"wp:featuredmedia":[{"embeddable":true,"href":"https:\/\/soberanadistribuidora.com.br\/site\/index.php?rest_route=\/wp\/v2\/media\/11529"}],"wp:attachment":[{"href":"https:\/\/soberanadistribuidora.com.br\/site\/index.php?rest_route=%2Fwp%2Fv2%2Fmedia&parent=11526"}],"curies":[{"name":"wp","href":"https:\/\/api.w.org\/{rel}","templated":true}]}}