{"id":11424,"date":"2020-06-01T14:12:59","date_gmt":"2020-06-01T17:12:59","guid":{"rendered":"https:\/\/soberanadistribuidora.com.br\/site\/?post_type=product&#038;p=11424"},"modified":"2020-09-03T09:00:13","modified_gmt":"2020-09-03T12:00:13","slug":"coqueteleira-inox-profissional-2-pecas","status":"publish","type":"product","link":"https:\/\/soberanadistribuidora.com.br\/site\/?product=coqueteleira-inox-profissional-2-pecas","title":{"rendered":"Coqueteleira Inox Profissional 2 Pe\u00e7as"},"content":{"rendered":"<p>A coqueteleira profissional da MarcaMix &#8211; Gourmet Mix possui duas pe\u00e7as e \u00e9 utilizada para uso profissional em bares e restaurantes.<\/p>\n<p>Produzida totalmente em a\u00e7o inox, n\u00e3o solta nenhum res\u00edduo, \u00e9 altamente dur\u00e1vel e mant\u00e9m as caracter\u00edsticas originais, preservando a beleza e higiene do material.<\/p>\n<p>Durante a lavagem, use apenas sab\u00e3o ou detergente e uma esponja macia. Enx\u00e1gue bem e seque imediatamente, caso contr\u00e1rio poder\u00e3o surgir manchas no inox. N\u00e3o utilizar palha de a\u00e7o, pois pode danificar o produto.<\/p>\n","protected":false},"excerpt":{"rendered":"<p><strong>Marca<\/strong>: MarcaMix &#8211; Gourmet Mix<\/p>\n","protected":false},"featured_media":11425,"comment_status":"open","ping_status":"closed","template":"","meta":{"_monsterinsights_skip_tracking":false,"_monsterinsights_sitenote_active":false,"_monsterinsights_sitenote_note":"","_monsterinsights_sitenote_category":0},"class_list":{"0":"post-11424","1":"product","2":"type-product","3":"status-publish","4":"has-post-thumbnail","6":"product_cat-inox","7":"product_cat-marcamix","8":"product_shipping_class-correios","10":"first","11":"instock","12":"shipping-taxable","13":"product-type-simple"},"yoast_head":"<!-- This site is optimized with the Yoast SEO plugin v15.4 - https:\/\/yoast.com\/wordpress\/plugins\/seo\/ -->\n<title>Coqueteleira Inox Profissional 2 Pe\u00e7as | Soberana Distribuidora<\/title>\n<meta name=\"description\" content=\"A coqueteleira profissional da MarcaMix - Gourmet Mix possui duas pe\u00e7as e \u00e9 utilizada para uso profissional em bares e restaurantes. Confira!\" \/>\n<meta name=\"robots\" content=\"index, follow, max-snippet:-1, max-image-preview:large, max-video-preview:-1\" \/>\n<link rel=\"canonical\" href=\"https:\/\/soberanadistribuidora.com.br\/site\/?product=coqueteleira-inox-profissional-2-pecas\" \/>\n<meta property=\"og:locale\" content=\"pt_BR\" \/>\n<meta property=\"og:type\" content=\"article\" \/>\n<meta property=\"og:title\" content=\"Coqueteleira Inox Profissional 2 Pe\u00e7as | Soberana Distribuidora\" \/>\n<meta property=\"og:description\" content=\"A coqueteleira profissional da MarcaMix - Gourmet Mix possui duas pe\u00e7as e \u00e9 utilizada para uso profissional em bares e restaurantes. Confira!\" \/>\n<meta property=\"og:url\" content=\"https:\/\/soberanadistribuidora.com.br\/site\/?product=coqueteleira-inox-profissional-2-pecas\" \/>\n<meta property=\"og:site_name\" content=\"Soberana Distribuidora\" \/>\n<meta property=\"article:publisher\" content=\"https:\/\/www.facebook.com\/soberanadistribuidora\" \/>\n<meta property=\"article:modified_time\" content=\"2020-09-03T12:00:13+00:00\" \/>\n<meta property=\"og:image\" content=\"https:\/\/soberanadistribuidora.com.br\/site\/wp-content\/uploads\/2020\/06\/coqueteleira-2-pe\u00e7as.jpg\" \/>\n\t<meta property=\"og:image:width\" content=\"600\" \/>\n\t<meta property=\"og:image:height\" content=\"600\" \/>\n<meta name=\"twitter:card\" content=\"summary_large_image\" \/>\n<meta name=\"twitter:label1\" content=\"Written by\">\n\t<meta name=\"twitter:data1\" content=\"Clara Gon\u00e7alves de Oliveira\">\n\t<meta name=\"twitter:label2\" content=\"Est. reading time\">\n\t<meta name=\"twitter:data2\" content=\"0 minuto\">\n<script type=\"application\/ld+json\" class=\"yoast-schema-graph\">{\"@context\":\"https:\/\/schema.org\",\"@graph\":[{\"@type\":\"Organization\",\"@id\":\"https:\/\/soberanadistribuidora.com.br\/site\/#organization\",\"name\":\"Soberana Distribuidora\",\"url\":\"https:\/\/soberanadistribuidora.com.br\/site\/\",\"sameAs\":[\"https:\/\/www.facebook.com\/soberanadistribuidora\",\"https:\/\/www.instagram.com\/soberanadistribuidora\/\"],\"logo\":{\"@type\":\"ImageObject\",\"@id\":\"https:\/\/soberanadistribuidora.com.br\/site\/#logo\",\"inLanguage\":\"pt-BR\",\"url\":\"https:\/\/soberanadistribuidora.com.br\/site\/wp-content\/uploads\/2020\/04\/sob.png\",\"width\":244,\"height\":85,\"caption\":\"Soberana Distribuidora\"},\"image\":{\"@id\":\"https:\/\/soberanadistribuidora.com.br\/site\/#logo\"}},{\"@type\":\"WebSite\",\"@id\":\"https:\/\/soberanadistribuidora.com.br\/site\/#website\",\"url\":\"https:\/\/soberanadistribuidora.com.br\/site\/\",\"name\":\"Soberana Distribuidora\",\"description\":\"Utens\\u00edlios de cozinha para bares, hot\\u00e9is e restaurantes\",\"publisher\":{\"@id\":\"https:\/\/soberanadistribuidora.com.br\/site\/#organization\"},\"potentialAction\":[{\"@type\":\"SearchAction\",\"target\":\"https:\/\/soberanadistribuidora.com.br\/site\/?s={search_term_string}\",\"query-input\":\"required name=search_term_string\"}],\"inLanguage\":\"pt-BR\"},{\"@type\":\"ImageObject\",\"@id\":\"https:\/\/soberanadistribuidora.com.br\/site\/?product=coqueteleira-inox-profissional-2-pecas#primaryimage\",\"inLanguage\":\"pt-BR\",\"url\":\"https:\/\/soberanadistribuidora.com.br\/site\/wp-content\/uploads\/2020\/06\/coqueteleira-2-pe\\u00e7as.jpg\",\"width\":600,\"height\":600,\"caption\":\"coqueteleira\"},{\"@type\":\"WebPage\",\"@id\":\"https:\/\/soberanadistribuidora.com.br\/site\/?product=coqueteleira-inox-profissional-2-pecas#webpage\",\"url\":\"https:\/\/soberanadistribuidora.com.br\/site\/?product=coqueteleira-inox-profissional-2-pecas\",\"name\":\"Coqueteleira Inox Profissional 2 Pe\\u00e7as | Soberana Distribuidora\",\"isPartOf\":{\"@id\":\"https:\/\/soberanadistribuidora.com.br\/site\/#website\"},\"primaryImageOfPage\":{\"@id\":\"https:\/\/soberanadistribuidora.com.br\/site\/?product=coqueteleira-inox-profissional-2-pecas#primaryimage\"},\"datePublished\":\"2020-06-01T17:12:59+00:00\",\"dateModified\":\"2020-09-03T12:00:13+00:00\",\"description\":\"A coqueteleira profissional da MarcaMix - Gourmet Mix possui duas pe\\u00e7as e \\u00e9 utilizada para uso profissional em bares e restaurantes. Confira!\",\"inLanguage\":\"pt-BR\",\"potentialAction\":[{\"@type\":\"ReadAction\",\"target\":[\"https:\/\/soberanadistribuidora.com.br\/site\/?product=coqueteleira-inox-profissional-2-pecas\"]}]}]}<\/script>\n<!-- \/ Yoast SEO plugin. -->","_links":{"self":[{"href":"https:\/\/soberanadistribuidora.com.br\/site\/index.php?rest_route=\/wp\/v2\/product\/11424","targetHints":{"allow":["GET"]}}],"collection":[{"href":"https:\/\/soberanadistribuidora.com.br\/site\/index.php?rest_route=\/wp\/v2\/product"}],"about":[{"href":"https:\/\/soberanadistribuidora.com.br\/site\/index.php?rest_route=\/wp\/v2\/types\/product"}],"replies":[{"embeddable":true,"href":"https:\/\/soberanadistribuidora.com.br\/site\/index.php?rest_route=%2Fwp%2Fv2%2Fcomments&post=11424"}],"wp:featuredmedia":[{"embeddable":true,"href":"https:\/\/soberanadistribuidora.com.br\/site\/index.php?rest_route=\/wp\/v2\/media\/11425"}],"wp:attachment":[{"href":"https:\/\/soberanadistribuidora.com.br\/site\/index.php?rest_route=%2Fwp%2Fv2%2Fmedia&parent=11424"}],"curies":[{"name":"wp","href":"https:\/\/api.w.org\/{rel}","templated":true}]}}