{"id":11388,"date":"2020-05-29T14:56:13","date_gmt":"2020-05-29T17:56:13","guid":{"rendered":"https:\/\/soberanadistribuidora.com.br\/site\/?post_type=product&#038;p=11388"},"modified":"2020-09-03T09:05:35","modified_gmt":"2020-09-03T12:05:35","slug":"pegador-gelo-frios-inox-18cm","status":"publish","type":"product","link":"https:\/\/soberanadistribuidora.com.br\/site\/?product=pegador-gelo-frios-inox-18cm","title":{"rendered":"Pegador Gelo\/Frios Inox 18 cm"},"content":{"rendered":"<p>O pegador de gelo\/frios da Western &#8211; Ha\u00fcskraft tem 18 cm de comprimento e \u00e9 produzido totalmente em a\u00e7o inox, n\u00e3o solta nenhum res\u00edduo, \u00e9 altamente dur\u00e1vel e mant\u00e9m as caracter\u00edsticas originais, preservando a beleza e higiene do material. Ideal para voc\u00ea e para sua cozinha.<\/p>\n<p>Lave com detergente neutro e enx\u00e1gue com \u00e1gua limpa em abund\u00e2ncia. Para secar, utilize um pano seco e macio e evite o uso de produtos abrasivos.<\/p>\n","protected":false},"excerpt":{"rendered":"<p><strong>Marca<\/strong>: Western &#8211; Ha\u00fcskraft<\/p>\n","protected":false},"featured_media":11390,"comment_status":"open","ping_status":"closed","template":"","meta":{"_monsterinsights_skip_tracking":false,"_monsterinsights_sitenote_active":false,"_monsterinsights_sitenote_note":"","_monsterinsights_sitenote_category":0},"class_list":{"0":"post-11388","1":"product","2":"type-product","3":"status-publish","4":"has-post-thumbnail","6":"product_cat-inox","7":"product_cat-western-inox","8":"product_shipping_class-correios","10":"first","11":"instock","12":"shipping-taxable","13":"product-type-simple"},"yoast_head":"<!-- This site is optimized with the Yoast SEO plugin v15.4 - https:\/\/yoast.com\/wordpress\/plugins\/seo\/ -->\n<title>Pegador Gelo\/Frios Inox 18 cm | Soberana Distribuidora<\/title>\n<meta name=\"description\" content=\"O pegador de gelo\/frios da Western - Ha\u00fcskraft tem 18 cm de comprimento e \u00e9 produzido totalmente em a\u00e7o inox, n\u00e3o solta nenhum res\u00edduo. Confira!\" \/>\n<meta name=\"robots\" content=\"index, follow, max-snippet:-1, max-image-preview:large, max-video-preview:-1\" \/>\n<link rel=\"canonical\" href=\"https:\/\/soberanadistribuidora.com.br\/site\/?product=pegador-gelo-frios-inox-18cm\" \/>\n<meta property=\"og:locale\" content=\"pt_BR\" \/>\n<meta property=\"og:type\" content=\"article\" \/>\n<meta property=\"og:title\" content=\"Pegador Gelo\/Frios Inox 18 cm | Soberana Distribuidora\" \/>\n<meta property=\"og:description\" content=\"O pegador de gelo\/frios da Western - Ha\u00fcskraft tem 18 cm de comprimento e \u00e9 produzido totalmente em a\u00e7o inox, n\u00e3o solta nenhum res\u00edduo. Confira!\" \/>\n<meta property=\"og:url\" content=\"https:\/\/soberanadistribuidora.com.br\/site\/?product=pegador-gelo-frios-inox-18cm\" \/>\n<meta property=\"og:site_name\" content=\"Soberana Distribuidora\" \/>\n<meta property=\"article:publisher\" content=\"https:\/\/www.facebook.com\/soberanadistribuidora\" \/>\n<meta property=\"article:modified_time\" content=\"2020-09-03T12:05:35+00:00\" \/>\n<meta property=\"og:image\" content=\"https:\/\/soberanadistribuidora.com.br\/site\/wp-content\/uploads\/2020\/05\/pegador-gelo.jpg\" \/>\n\t<meta property=\"og:image:width\" content=\"600\" \/>\n\t<meta property=\"og:image:height\" content=\"600\" \/>\n<meta name=\"twitter:card\" content=\"summary_large_image\" \/>\n<meta name=\"twitter:label1\" content=\"Written by\">\n\t<meta name=\"twitter:data1\" content=\"Clara Gon\u00e7alves de Oliveira\">\n\t<meta name=\"twitter:label2\" content=\"Est. reading time\">\n\t<meta name=\"twitter:data2\" content=\"0 minuto\">\n<script type=\"application\/ld+json\" class=\"yoast-schema-graph\">{\"@context\":\"https:\/\/schema.org\",\"@graph\":[{\"@type\":\"Organization\",\"@id\":\"https:\/\/soberanadistribuidora.com.br\/site\/#organization\",\"name\":\"Soberana Distribuidora\",\"url\":\"https:\/\/soberanadistribuidora.com.br\/site\/\",\"sameAs\":[\"https:\/\/www.facebook.com\/soberanadistribuidora\",\"https:\/\/www.instagram.com\/soberanadistribuidora\/\"],\"logo\":{\"@type\":\"ImageObject\",\"@id\":\"https:\/\/soberanadistribuidora.com.br\/site\/#logo\",\"inLanguage\":\"pt-BR\",\"url\":\"https:\/\/soberanadistribuidora.com.br\/site\/wp-content\/uploads\/2020\/04\/sob.png\",\"width\":244,\"height\":85,\"caption\":\"Soberana Distribuidora\"},\"image\":{\"@id\":\"https:\/\/soberanadistribuidora.com.br\/site\/#logo\"}},{\"@type\":\"WebSite\",\"@id\":\"https:\/\/soberanadistribuidora.com.br\/site\/#website\",\"url\":\"https:\/\/soberanadistribuidora.com.br\/site\/\",\"name\":\"Soberana Distribuidora\",\"description\":\"Utens\\u00edlios de cozinha para bares, hot\\u00e9is e restaurantes\",\"publisher\":{\"@id\":\"https:\/\/soberanadistribuidora.com.br\/site\/#organization\"},\"potentialAction\":[{\"@type\":\"SearchAction\",\"target\":\"https:\/\/soberanadistribuidora.com.br\/site\/?s={search_term_string}\",\"query-input\":\"required name=search_term_string\"}],\"inLanguage\":\"pt-BR\"},{\"@type\":\"ImageObject\",\"@id\":\"https:\/\/soberanadistribuidora.com.br\/site\/?product=pegador-gelo-frios-inox-18cm#primaryimage\",\"inLanguage\":\"pt-BR\",\"url\":\"https:\/\/soberanadistribuidora.com.br\/site\/wp-content\/uploads\/2020\/05\/pegador-gelo.jpg\",\"width\":600,\"height\":600,\"caption\":\"pegador\"},{\"@type\":\"WebPage\",\"@id\":\"https:\/\/soberanadistribuidora.com.br\/site\/?product=pegador-gelo-frios-inox-18cm#webpage\",\"url\":\"https:\/\/soberanadistribuidora.com.br\/site\/?product=pegador-gelo-frios-inox-18cm\",\"name\":\"Pegador Gelo\/Frios Inox 18 cm | Soberana Distribuidora\",\"isPartOf\":{\"@id\":\"https:\/\/soberanadistribuidora.com.br\/site\/#website\"},\"primaryImageOfPage\":{\"@id\":\"https:\/\/soberanadistribuidora.com.br\/site\/?product=pegador-gelo-frios-inox-18cm#primaryimage\"},\"datePublished\":\"2020-05-29T17:56:13+00:00\",\"dateModified\":\"2020-09-03T12:05:35+00:00\",\"description\":\"O pegador de gelo\/frios da Western - Ha\\u00fcskraft tem 18 cm de comprimento e \\u00e9 produzido totalmente em a\\u00e7o inox, n\\u00e3o solta nenhum res\\u00edduo. Confira!\",\"inLanguage\":\"pt-BR\",\"potentialAction\":[{\"@type\":\"ReadAction\",\"target\":[\"https:\/\/soberanadistribuidora.com.br\/site\/?product=pegador-gelo-frios-inox-18cm\"]}]}]}<\/script>\n<!-- \/ Yoast SEO plugin. -->","_links":{"self":[{"href":"https:\/\/soberanadistribuidora.com.br\/site\/index.php?rest_route=\/wp\/v2\/product\/11388","targetHints":{"allow":["GET"]}}],"collection":[{"href":"https:\/\/soberanadistribuidora.com.br\/site\/index.php?rest_route=\/wp\/v2\/product"}],"about":[{"href":"https:\/\/soberanadistribuidora.com.br\/site\/index.php?rest_route=\/wp\/v2\/types\/product"}],"replies":[{"embeddable":true,"href":"https:\/\/soberanadistribuidora.com.br\/site\/index.php?rest_route=%2Fwp%2Fv2%2Fcomments&post=11388"}],"wp:featuredmedia":[{"embeddable":true,"href":"https:\/\/soberanadistribuidora.com.br\/site\/index.php?rest_route=\/wp\/v2\/media\/11390"}],"wp:attachment":[{"href":"https:\/\/soberanadistribuidora.com.br\/site\/index.php?rest_route=%2Fwp%2Fv2%2Fmedia&parent=11388"}],"curies":[{"name":"wp","href":"https:\/\/api.w.org\/{rel}","templated":true}]}}