{"id":11381,"date":"2020-05-29T14:02:41","date_gmt":"2020-05-29T17:02:41","guid":{"rendered":"https:\/\/soberanadistribuidora.com.br\/site\/?post_type=product&#038;p=11381"},"modified":"2020-09-03T09:05:34","modified_gmt":"2020-09-03T12:05:34","slug":"barra-magnetica-para-facas-e-ferramentas-33cm","status":"publish","type":"product","link":"https:\/\/soberanadistribuidora.com.br\/site\/?product=barra-magnetica-para-facas-e-ferramentas-33cm","title":{"rendered":"Barra Magn\u00e9tica para Facas e Ferramentas 33 cm"},"content":{"rendered":"<p>A barra magn\u00e9tica para facas e fermentas da Kehome tem 33cm e \u00e9 composta por dois im\u00e3s paralelos que seguram os objetos met\u00e1licos fortemente, n\u00e3o permitindo que os objetos caiam.<\/p>\n<p>Isso permite a exposi\u00e7\u00e3o dos objetos presos em paredes, fazendo com que suas facas, utens\u00edlios ou ferramentas sejam acomodados de melhor maneira do que em caixas ou gavetas.<\/p>\n<p>Pode ser preso \u00e0 parede via parafusos ou fita dupla-face de boa qualidade.<\/p>\n<p>Acompanha no pacote a barra, dois parafusos e duas buchas para fixa\u00e7\u00e3o.<\/p>\n","protected":false},"excerpt":{"rendered":"<p><strong>Marca:<\/strong> Kehome<\/p>\n","protected":false},"featured_media":11382,"comment_status":"open","ping_status":"closed","template":"","meta":{"_monsterinsights_skip_tracking":false,"_monsterinsights_sitenote_active":false,"_monsterinsights_sitenote_note":"","_monsterinsights_sitenote_category":0},"class_list":{"0":"post-11381","1":"product","2":"type-product","3":"status-publish","4":"has-post-thumbnail","6":"product_cat-inox","7":"product_cat-kehome","8":"product_shipping_class-correios","10":"first","11":"instock","12":"shipping-taxable","13":"product-type-simple"},"yoast_head":"<!-- This site is optimized with the Yoast SEO plugin v15.4 - https:\/\/yoast.com\/wordpress\/plugins\/seo\/ -->\n<title>Barra Magn\u00e9tica para Facas e Ferramentas 33 cm | Soberana Distribuidora<\/title>\n<meta name=\"description\" content=\"A barra magn\u00e9tica para facas e fermentas da Kehome\u00a0 tem 33cm e \u00e9 composta por dois im\u00e3s paralelos que seguram os objetos met\u00e1licos fortemente. Confira!\" \/>\n<meta name=\"robots\" content=\"index, follow, max-snippet:-1, max-image-preview:large, max-video-preview:-1\" \/>\n<link rel=\"canonical\" href=\"https:\/\/soberanadistribuidora.com.br\/site\/?product=barra-magnetica-para-facas-e-ferramentas-33cm\" \/>\n<meta property=\"og:locale\" content=\"pt_BR\" \/>\n<meta property=\"og:type\" content=\"article\" \/>\n<meta property=\"og:title\" content=\"Barra Magn\u00e9tica para Facas e Ferramentas 33 cm | Soberana Distribuidora\" \/>\n<meta property=\"og:description\" content=\"A barra magn\u00e9tica para facas e fermentas da Kehome\u00a0 tem 33cm e \u00e9 composta por dois im\u00e3s paralelos que seguram os objetos met\u00e1licos fortemente. Confira!\" \/>\n<meta property=\"og:url\" content=\"https:\/\/soberanadistribuidora.com.br\/site\/?product=barra-magnetica-para-facas-e-ferramentas-33cm\" \/>\n<meta property=\"og:site_name\" content=\"Soberana Distribuidora\" \/>\n<meta property=\"article:publisher\" content=\"https:\/\/www.facebook.com\/soberanadistribuidora\" \/>\n<meta property=\"article:modified_time\" content=\"2020-09-03T12:05:34+00:00\" \/>\n<meta property=\"og:image\" content=\"https:\/\/soberanadistribuidora.com.br\/site\/wp-content\/uploads\/2020\/05\/barra-magn\u00e9tica.jpg\" \/>\n\t<meta property=\"og:image:width\" content=\"600\" \/>\n\t<meta property=\"og:image:height\" content=\"600\" \/>\n<meta name=\"twitter:card\" content=\"summary_large_image\" \/>\n<meta name=\"twitter:label1\" content=\"Written by\">\n\t<meta name=\"twitter:data1\" content=\"Clara Gon\u00e7alves de Oliveira\">\n\t<meta name=\"twitter:label2\" content=\"Est. reading time\">\n\t<meta name=\"twitter:data2\" content=\"0 minuto\">\n<script type=\"application\/ld+json\" class=\"yoast-schema-graph\">{\"@context\":\"https:\/\/schema.org\",\"@graph\":[{\"@type\":\"Organization\",\"@id\":\"https:\/\/soberanadistribuidora.com.br\/site\/#organization\",\"name\":\"Soberana Distribuidora\",\"url\":\"https:\/\/soberanadistribuidora.com.br\/site\/\",\"sameAs\":[\"https:\/\/www.facebook.com\/soberanadistribuidora\",\"https:\/\/www.instagram.com\/soberanadistribuidora\/\"],\"logo\":{\"@type\":\"ImageObject\",\"@id\":\"https:\/\/soberanadistribuidora.com.br\/site\/#logo\",\"inLanguage\":\"pt-BR\",\"url\":\"https:\/\/soberanadistribuidora.com.br\/site\/wp-content\/uploads\/2020\/04\/sob.png\",\"width\":244,\"height\":85,\"caption\":\"Soberana Distribuidora\"},\"image\":{\"@id\":\"https:\/\/soberanadistribuidora.com.br\/site\/#logo\"}},{\"@type\":\"WebSite\",\"@id\":\"https:\/\/soberanadistribuidora.com.br\/site\/#website\",\"url\":\"https:\/\/soberanadistribuidora.com.br\/site\/\",\"name\":\"Soberana Distribuidora\",\"description\":\"Utens\\u00edlios de cozinha para bares, hot\\u00e9is e restaurantes\",\"publisher\":{\"@id\":\"https:\/\/soberanadistribuidora.com.br\/site\/#organization\"},\"potentialAction\":[{\"@type\":\"SearchAction\",\"target\":\"https:\/\/soberanadistribuidora.com.br\/site\/?s={search_term_string}\",\"query-input\":\"required name=search_term_string\"}],\"inLanguage\":\"pt-BR\"},{\"@type\":\"ImageObject\",\"@id\":\"https:\/\/soberanadistribuidora.com.br\/site\/?product=barra-magnetica-para-facas-e-ferramentas-33cm#primaryimage\",\"inLanguage\":\"pt-BR\",\"url\":\"https:\/\/soberanadistribuidora.com.br\/site\/wp-content\/uploads\/2020\/05\/barra-magn\\u00e9tica.jpg\",\"width\":600,\"height\":600,\"caption\":\"barra im\\u00e3\"},{\"@type\":\"WebPage\",\"@id\":\"https:\/\/soberanadistribuidora.com.br\/site\/?product=barra-magnetica-para-facas-e-ferramentas-33cm#webpage\",\"url\":\"https:\/\/soberanadistribuidora.com.br\/site\/?product=barra-magnetica-para-facas-e-ferramentas-33cm\",\"name\":\"Barra Magn\\u00e9tica para Facas e Ferramentas 33 cm | Soberana Distribuidora\",\"isPartOf\":{\"@id\":\"https:\/\/soberanadistribuidora.com.br\/site\/#website\"},\"primaryImageOfPage\":{\"@id\":\"https:\/\/soberanadistribuidora.com.br\/site\/?product=barra-magnetica-para-facas-e-ferramentas-33cm#primaryimage\"},\"datePublished\":\"2020-05-29T17:02:41+00:00\",\"dateModified\":\"2020-09-03T12:05:34+00:00\",\"description\":\"A barra magn\\u00e9tica para facas e fermentas da Kehome\\u00a0 tem 33cm e \\u00e9 composta por dois im\\u00e3s paralelos que seguram os objetos met\\u00e1licos fortemente. Confira!\",\"inLanguage\":\"pt-BR\",\"potentialAction\":[{\"@type\":\"ReadAction\",\"target\":[\"https:\/\/soberanadistribuidora.com.br\/site\/?product=barra-magnetica-para-facas-e-ferramentas-33cm\"]}]}]}<\/script>\n<!-- \/ Yoast SEO plugin. -->","_links":{"self":[{"href":"https:\/\/soberanadistribuidora.com.br\/site\/index.php?rest_route=\/wp\/v2\/product\/11381","targetHints":{"allow":["GET"]}}],"collection":[{"href":"https:\/\/soberanadistribuidora.com.br\/site\/index.php?rest_route=\/wp\/v2\/product"}],"about":[{"href":"https:\/\/soberanadistribuidora.com.br\/site\/index.php?rest_route=\/wp\/v2\/types\/product"}],"replies":[{"embeddable":true,"href":"https:\/\/soberanadistribuidora.com.br\/site\/index.php?rest_route=%2Fwp%2Fv2%2Fcomments&post=11381"}],"wp:featuredmedia":[{"embeddable":true,"href":"https:\/\/soberanadistribuidora.com.br\/site\/index.php?rest_route=\/wp\/v2\/media\/11382"}],"wp:attachment":[{"href":"https:\/\/soberanadistribuidora.com.br\/site\/index.php?rest_route=%2Fwp%2Fv2%2Fmedia&parent=11381"}],"curies":[{"name":"wp","href":"https:\/\/api.w.org\/{rel}","templated":true}]}}