{"id":11379,"date":"2020-05-29T13:44:42","date_gmt":"2020-05-29T16:44:42","guid":{"rendered":"https:\/\/soberanadistribuidora.com.br\/site\/?post_type=product&#038;p=11379"},"modified":"2020-09-03T09:05:34","modified_gmt":"2020-09-03T12:05:34","slug":"jogo-xicaras-medidoras-inox-4-pecas","status":"publish","type":"product","link":"https:\/\/soberanadistribuidora.com.br\/site\/?product=jogo-xicaras-medidoras-inox-4-pecas","title":{"rendered":"Jogo X\u00edcaras Medidoras Inox 4 Pe\u00e7as"},"content":{"rendered":"<p>O jogo de x\u00edcaras medidoras \u00e9 produzido em inox e cont\u00e9m as seguintes medidas : 1\/4 copo (60 ml) 1\/3 copo (80 ml) 1\/2 copo (125 ml) 1 copo (250 ml).<\/p>\n<p>Produto para uso profissional ou dom\u00e9stico.<\/p>\n","protected":false},"excerpt":{"rendered":"<p><strong>Marca<\/strong>: Le Galo<\/p>\n","protected":false},"featured_media":11380,"comment_status":"open","ping_status":"closed","template":"","meta":{"_monsterinsights_skip_tracking":false,"_monsterinsights_sitenote_active":false,"_monsterinsights_sitenote_note":"","_monsterinsights_sitenote_category":0},"class_list":{"0":"post-11379","1":"product","2":"type-product","3":"status-publish","4":"has-post-thumbnail","6":"product_cat-inox","7":"product_cat-le-galo-inox","8":"product_shipping_class-correios","10":"first","11":"instock","12":"shipping-taxable","13":"product-type-simple"},"yoast_head":"<!-- This site is optimized with the Yoast SEO plugin v15.4 - https:\/\/yoast.com\/wordpress\/plugins\/seo\/ -->\n<title>Jogo X\u00edcaras Medidoras Inox 4 Pe\u00e7as | Soberana Distribuidora<\/title>\n<meta name=\"description\" content=\"O jogo de x\u00edcaras medidoras \u00e9 produzido em inox e cont\u00e9m as seguintes medidas : 1\/4 copo (60 ml) 1\/3 copo (80 ml) 1\/2 copo (125 ml) 1 copo (250 ml).\" \/>\n<meta name=\"robots\" content=\"index, follow, max-snippet:-1, max-image-preview:large, max-video-preview:-1\" \/>\n<link rel=\"canonical\" href=\"https:\/\/soberanadistribuidora.com.br\/site\/?product=jogo-xicaras-medidoras-inox-4-pecas\" \/>\n<meta property=\"og:locale\" content=\"pt_BR\" \/>\n<meta property=\"og:type\" content=\"article\" \/>\n<meta property=\"og:title\" content=\"Jogo X\u00edcaras Medidoras Inox 4 Pe\u00e7as | Soberana Distribuidora\" \/>\n<meta property=\"og:description\" content=\"O jogo de x\u00edcaras medidoras \u00e9 produzido em inox e cont\u00e9m as seguintes medidas : 1\/4 copo (60 ml) 1\/3 copo (80 ml) 1\/2 copo (125 ml) 1 copo (250 ml).\" \/>\n<meta property=\"og:url\" content=\"https:\/\/soberanadistribuidora.com.br\/site\/?product=jogo-xicaras-medidoras-inox-4-pecas\" \/>\n<meta property=\"og:site_name\" content=\"Soberana Distribuidora\" \/>\n<meta property=\"article:publisher\" content=\"https:\/\/www.facebook.com\/soberanadistribuidora\" \/>\n<meta property=\"article:modified_time\" content=\"2020-09-03T12:05:34+00:00\" \/>\n<meta property=\"og:image\" content=\"https:\/\/soberanadistribuidora.com.br\/site\/wp-content\/uploads\/2020\/05\/xicara-medidora.jpg\" \/>\n\t<meta property=\"og:image:width\" content=\"600\" \/>\n\t<meta property=\"og:image:height\" content=\"600\" \/>\n<meta name=\"twitter:card\" content=\"summary_large_image\" \/>\n<meta name=\"twitter:label1\" content=\"Written by\">\n\t<meta name=\"twitter:data1\" content=\"Clara Gon\u00e7alves de Oliveira\">\n\t<meta name=\"twitter:label2\" content=\"Est. reading time\">\n\t<meta name=\"twitter:data2\" content=\"0 minuto\">\n<script type=\"application\/ld+json\" class=\"yoast-schema-graph\">{\"@context\":\"https:\/\/schema.org\",\"@graph\":[{\"@type\":\"Organization\",\"@id\":\"https:\/\/soberanadistribuidora.com.br\/site\/#organization\",\"name\":\"Soberana Distribuidora\",\"url\":\"https:\/\/soberanadistribuidora.com.br\/site\/\",\"sameAs\":[\"https:\/\/www.facebook.com\/soberanadistribuidora\",\"https:\/\/www.instagram.com\/soberanadistribuidora\/\"],\"logo\":{\"@type\":\"ImageObject\",\"@id\":\"https:\/\/soberanadistribuidora.com.br\/site\/#logo\",\"inLanguage\":\"pt-BR\",\"url\":\"https:\/\/soberanadistribuidora.com.br\/site\/wp-content\/uploads\/2020\/04\/sob.png\",\"width\":244,\"height\":85,\"caption\":\"Soberana Distribuidora\"},\"image\":{\"@id\":\"https:\/\/soberanadistribuidora.com.br\/site\/#logo\"}},{\"@type\":\"WebSite\",\"@id\":\"https:\/\/soberanadistribuidora.com.br\/site\/#website\",\"url\":\"https:\/\/soberanadistribuidora.com.br\/site\/\",\"name\":\"Soberana Distribuidora\",\"description\":\"Utens\\u00edlios de cozinha para bares, hot\\u00e9is e restaurantes\",\"publisher\":{\"@id\":\"https:\/\/soberanadistribuidora.com.br\/site\/#organization\"},\"potentialAction\":[{\"@type\":\"SearchAction\",\"target\":\"https:\/\/soberanadistribuidora.com.br\/site\/?s={search_term_string}\",\"query-input\":\"required name=search_term_string\"}],\"inLanguage\":\"pt-BR\"},{\"@type\":\"ImageObject\",\"@id\":\"https:\/\/soberanadistribuidora.com.br\/site\/?product=jogo-xicaras-medidoras-inox-4-pecas#primaryimage\",\"inLanguage\":\"pt-BR\",\"url\":\"https:\/\/soberanadistribuidora.com.br\/site\/wp-content\/uploads\/2020\/05\/xicara-medidora.jpg\",\"width\":600,\"height\":600,\"caption\":\"copo-medidor\"},{\"@type\":\"WebPage\",\"@id\":\"https:\/\/soberanadistribuidora.com.br\/site\/?product=jogo-xicaras-medidoras-inox-4-pecas#webpage\",\"url\":\"https:\/\/soberanadistribuidora.com.br\/site\/?product=jogo-xicaras-medidoras-inox-4-pecas\",\"name\":\"Jogo X\\u00edcaras Medidoras Inox 4 Pe\\u00e7as | Soberana Distribuidora\",\"isPartOf\":{\"@id\":\"https:\/\/soberanadistribuidora.com.br\/site\/#website\"},\"primaryImageOfPage\":{\"@id\":\"https:\/\/soberanadistribuidora.com.br\/site\/?product=jogo-xicaras-medidoras-inox-4-pecas#primaryimage\"},\"datePublished\":\"2020-05-29T16:44:42+00:00\",\"dateModified\":\"2020-09-03T12:05:34+00:00\",\"description\":\"O jogo de x\\u00edcaras medidoras \\u00e9 produzido em inox e cont\\u00e9m as seguintes medidas : 1\/4 copo (60 ml) 1\/3 copo (80 ml) 1\/2 copo (125 ml) 1 copo (250 ml).\",\"inLanguage\":\"pt-BR\",\"potentialAction\":[{\"@type\":\"ReadAction\",\"target\":[\"https:\/\/soberanadistribuidora.com.br\/site\/?product=jogo-xicaras-medidoras-inox-4-pecas\"]}]}]}<\/script>\n<!-- \/ Yoast SEO plugin. -->","_links":{"self":[{"href":"https:\/\/soberanadistribuidora.com.br\/site\/index.php?rest_route=\/wp\/v2\/product\/11379","targetHints":{"allow":["GET"]}}],"collection":[{"href":"https:\/\/soberanadistribuidora.com.br\/site\/index.php?rest_route=\/wp\/v2\/product"}],"about":[{"href":"https:\/\/soberanadistribuidora.com.br\/site\/index.php?rest_route=\/wp\/v2\/types\/product"}],"replies":[{"embeddable":true,"href":"https:\/\/soberanadistribuidora.com.br\/site\/index.php?rest_route=%2Fwp%2Fv2%2Fcomments&post=11379"}],"wp:featuredmedia":[{"embeddable":true,"href":"https:\/\/soberanadistribuidora.com.br\/site\/index.php?rest_route=\/wp\/v2\/media\/11380"}],"wp:attachment":[{"href":"https:\/\/soberanadistribuidora.com.br\/site\/index.php?rest_route=%2Fwp%2Fv2%2Fmedia&parent=11379"}],"curies":[{"name":"wp","href":"https:\/\/api.w.org\/{rel}","templated":true}]}}