{"id":11334,"date":"2020-05-28T17:23:20","date_gmt":"2020-05-28T20:23:20","guid":{"rendered":"https:\/\/soberanadistribuidora.com.br\/site\/?post_type=product&#038;p=11334"},"modified":"2020-09-03T09:05:34","modified_gmt":"2020-09-03T12:05:34","slug":"garrafa-de-chantilly-500ml","status":"publish","type":"product","link":"https:\/\/soberanadistribuidora.com.br\/site\/?product=garrafa-de-chantilly-500ml","title":{"rendered":"Garrafa\/Sif\u00e3o de Chantilly 500 ml"},"content":{"rendered":"<p>Com a garrafa, ou sif\u00e3o, de chantilly da BestWhip voc\u00ea pode criar uma imensa quantidade de sobremesas, cremes, doces e salgados, bem como molhos e compor espumas para drinks.<\/p>\n<p>Alguns ingredientes l\u00edquidos, como sucos, espumas, caf\u00e9, chocolate, creme de baunilha, iogurte, etc, podem ser usados na garrafa de chantilly, mas somente se n\u00e3o contiverem subst\u00e2ncias insol\u00faveis que poder\u00e3o entupir a sa\u00edda do creme.<\/p>\n<p>Perfeita para uso em cappuccinos, caf\u00e9s shakers, sorvetes e drinks. Conte\u00fado permanece fresco por v\u00e1rios dias na refrigera\u00e7\u00e3o (quando s\u00e3o seguidas as instru\u00e7\u00f5es de limpeza e preparo)<\/p>\n<p>Esta garrafa n\u00e3o suporta altas temperaturas e pode acarretar a danifica\u00e7\u00e3o da v\u00e1lvula de veda\u00e7\u00e3o.<\/p>\n","protected":false},"excerpt":{"rendered":"<p><strong>Marca<\/strong>: BestWhip<\/p>\n","protected":false},"featured_media":11335,"comment_status":"open","ping_status":"closed","template":"","meta":{"_monsterinsights_skip_tracking":false,"_monsterinsights_sitenote_active":false,"_monsterinsights_sitenote_note":"","_monsterinsights_sitenote_category":0},"class_list":{"0":"post-11334","1":"product","2":"type-product","3":"status-publish","4":"has-post-thumbnail","6":"product_cat-bestwhip","7":"product_cat-diversos","8":"product_shipping_class-correios","10":"first","11":"instock","12":"shipping-taxable","13":"product-type-simple"},"yoast_head":"<!-- This site is optimized with the Yoast SEO plugin v15.4 - https:\/\/yoast.com\/wordpress\/plugins\/seo\/ -->\n<title>Garrafa\/Sif\u00e3o de Chantilly 500 ml | Soberana Distribuidora<\/title>\n<meta name=\"description\" content=\"Com a garrafa, ou sif\u00e3o, de chantilly da BestWhip voc\u00ea pode criar uma imensa quantidade de sobremesas, cremes, bem como molhos e compor espumas para drinks.\" \/>\n<meta name=\"robots\" content=\"index, follow, max-snippet:-1, max-image-preview:large, max-video-preview:-1\" \/>\n<link rel=\"canonical\" href=\"https:\/\/soberanadistribuidora.com.br\/site\/?product=garrafa-de-chantilly-500ml\" \/>\n<meta property=\"og:locale\" content=\"pt_BR\" \/>\n<meta property=\"og:type\" content=\"article\" \/>\n<meta property=\"og:title\" content=\"Garrafa\/Sif\u00e3o de Chantilly 500 ml | Soberana Distribuidora\" \/>\n<meta property=\"og:description\" content=\"Com a garrafa, ou sif\u00e3o, de chantilly da BestWhip voc\u00ea pode criar uma imensa quantidade de sobremesas, cremes, bem como molhos e compor espumas para drinks.\" \/>\n<meta property=\"og:url\" content=\"https:\/\/soberanadistribuidora.com.br\/site\/?product=garrafa-de-chantilly-500ml\" \/>\n<meta property=\"og:site_name\" content=\"Soberana Distribuidora\" \/>\n<meta property=\"article:publisher\" content=\"https:\/\/www.facebook.com\/soberanadistribuidora\" \/>\n<meta property=\"article:modified_time\" content=\"2020-09-03T12:05:34+00:00\" \/>\n<meta property=\"og:image\" content=\"https:\/\/soberanadistribuidora.com.br\/site\/wp-content\/uploads\/2020\/05\/garrafa-chantilly.jpg\" \/>\n\t<meta property=\"og:image:width\" content=\"600\" \/>\n\t<meta property=\"og:image:height\" content=\"600\" \/>\n<meta name=\"twitter:card\" content=\"summary_large_image\" \/>\n<meta name=\"twitter:label1\" content=\"Written by\">\n\t<meta name=\"twitter:data1\" content=\"Clara Gon\u00e7alves de Oliveira\">\n\t<meta name=\"twitter:label2\" content=\"Est. reading time\">\n\t<meta name=\"twitter:data2\" content=\"0 minuto\">\n<script type=\"application\/ld+json\" class=\"yoast-schema-graph\">{\"@context\":\"https:\/\/schema.org\",\"@graph\":[{\"@type\":\"Organization\",\"@id\":\"https:\/\/soberanadistribuidora.com.br\/site\/#organization\",\"name\":\"Soberana Distribuidora\",\"url\":\"https:\/\/soberanadistribuidora.com.br\/site\/\",\"sameAs\":[\"https:\/\/www.facebook.com\/soberanadistribuidora\",\"https:\/\/www.instagram.com\/soberanadistribuidora\/\"],\"logo\":{\"@type\":\"ImageObject\",\"@id\":\"https:\/\/soberanadistribuidora.com.br\/site\/#logo\",\"inLanguage\":\"pt-BR\",\"url\":\"https:\/\/soberanadistribuidora.com.br\/site\/wp-content\/uploads\/2020\/04\/sob.png\",\"width\":244,\"height\":85,\"caption\":\"Soberana Distribuidora\"},\"image\":{\"@id\":\"https:\/\/soberanadistribuidora.com.br\/site\/#logo\"}},{\"@type\":\"WebSite\",\"@id\":\"https:\/\/soberanadistribuidora.com.br\/site\/#website\",\"url\":\"https:\/\/soberanadistribuidora.com.br\/site\/\",\"name\":\"Soberana Distribuidora\",\"description\":\"Utens\\u00edlios de cozinha para bares, hot\\u00e9is e restaurantes\",\"publisher\":{\"@id\":\"https:\/\/soberanadistribuidora.com.br\/site\/#organization\"},\"potentialAction\":[{\"@type\":\"SearchAction\",\"target\":\"https:\/\/soberanadistribuidora.com.br\/site\/?s={search_term_string}\",\"query-input\":\"required name=search_term_string\"}],\"inLanguage\":\"pt-BR\"},{\"@type\":\"ImageObject\",\"@id\":\"https:\/\/soberanadistribuidora.com.br\/site\/?product=garrafa-de-chantilly-500ml#primaryimage\",\"inLanguage\":\"pt-BR\",\"url\":\"https:\/\/soberanadistribuidora.com.br\/site\/wp-content\/uploads\/2020\/05\/garrafa-chantilly.jpg\",\"width\":600,\"height\":600,\"caption\":\"garrafa-chantilly-500ml\"},{\"@type\":\"WebPage\",\"@id\":\"https:\/\/soberanadistribuidora.com.br\/site\/?product=garrafa-de-chantilly-500ml#webpage\",\"url\":\"https:\/\/soberanadistribuidora.com.br\/site\/?product=garrafa-de-chantilly-500ml\",\"name\":\"Garrafa\/Sif\\u00e3o de Chantilly 500 ml | Soberana Distribuidora\",\"isPartOf\":{\"@id\":\"https:\/\/soberanadistribuidora.com.br\/site\/#website\"},\"primaryImageOfPage\":{\"@id\":\"https:\/\/soberanadistribuidora.com.br\/site\/?product=garrafa-de-chantilly-500ml#primaryimage\"},\"datePublished\":\"2020-05-28T20:23:20+00:00\",\"dateModified\":\"2020-09-03T12:05:34+00:00\",\"description\":\"Com a garrafa, ou sif\\u00e3o, de chantilly da BestWhip voc\\u00ea pode criar uma imensa quantidade de sobremesas, cremes, bem como molhos e compor espumas para drinks.\",\"inLanguage\":\"pt-BR\",\"potentialAction\":[{\"@type\":\"ReadAction\",\"target\":[\"https:\/\/soberanadistribuidora.com.br\/site\/?product=garrafa-de-chantilly-500ml\"]}]}]}<\/script>\n<!-- \/ Yoast SEO plugin. -->","_links":{"self":[{"href":"https:\/\/soberanadistribuidora.com.br\/site\/index.php?rest_route=\/wp\/v2\/product\/11334","targetHints":{"allow":["GET"]}}],"collection":[{"href":"https:\/\/soberanadistribuidora.com.br\/site\/index.php?rest_route=\/wp\/v2\/product"}],"about":[{"href":"https:\/\/soberanadistribuidora.com.br\/site\/index.php?rest_route=\/wp\/v2\/types\/product"}],"replies":[{"embeddable":true,"href":"https:\/\/soberanadistribuidora.com.br\/site\/index.php?rest_route=%2Fwp%2Fv2%2Fcomments&post=11334"}],"wp:featuredmedia":[{"embeddable":true,"href":"https:\/\/soberanadistribuidora.com.br\/site\/index.php?rest_route=\/wp\/v2\/media\/11335"}],"wp:attachment":[{"href":"https:\/\/soberanadistribuidora.com.br\/site\/index.php?rest_route=%2Fwp%2Fv2%2Fmedia&parent=11334"}],"curies":[{"name":"wp","href":"https:\/\/api.w.org\/{rel}","templated":true}]}}