{"id":11307,"date":"2020-05-28T08:35:23","date_gmt":"2020-05-28T11:35:23","guid":{"rendered":"https:\/\/soberanadistribuidora.com.br\/site\/?post_type=product&#038;p=11307"},"modified":"2020-09-03T09:05:33","modified_gmt":"2020-09-03T12:05:33","slug":"bisnaga-invertida-720-ml","status":"publish","type":"product","link":"https:\/\/soberanadistribuidora.com.br\/site\/?product=bisnaga-invertida-720-ml","title":{"rendered":"Bisnaga Invertida 720 ml"},"content":{"rendered":"<p>A bisnaga invertida de 720ml da Orcil \u00e9 produzida em pl\u00e1stico at\u00f3xico especial para alimentos e dispensa o produto pelo fundo por meio de um sistema de gotejamento, dispensando as garrafas tradicionais, minimizando o tempo de servi\u00e7o e diminui o desperd\u00edcio de molho.<\/p>\n<p>Basta pegar e apertar! N\u00e3o \u00e9 necess\u00e1rio virar a bisnaga quando estiver no fim do molho.<\/p>\n<p>O l\u00edquido s\u00f3 sai quando a bisnaga \u00e9 pressionada. A rosca da bisnaga de molhos invertida \u00e9 firme e precisa: as tampas ficam firmes e n\u00e3o se soltam, evitando surpresas desagrad\u00e1veis. Pode ser armazenado com bico pra cima ou para baixo.<\/p>\n<p>As bisnagas de molhos s\u00e3o indicadas para uso profissional ou dom\u00e9stico. Excelente para usos em lanchonetes, hamburguerias, pastelarias, restaurantes em geral.<\/p>\n<p>Para o perfeito funcionamento da bisnaga o l\u00edquido deve ser de baixa ou m\u00e9dia viscosidade e liso. N\u00e3o serve para produtos pastosos.<\/p>\n","protected":false},"excerpt":{"rendered":"<p><strong>Marca<\/strong>: Orcil<\/p>\n","protected":false},"featured_media":11308,"comment_status":"open","ping_status":"closed","template":"","meta":{"_monsterinsights_skip_tracking":false,"_monsterinsights_sitenote_active":false,"_monsterinsights_sitenote_note":"","_monsterinsights_sitenote_category":0},"class_list":{"0":"post-11307","1":"product","2":"type-product","3":"status-publish","4":"has-post-thumbnail","6":"product_cat-orcil-plasticos-acrilicos-silicone","7":"product_cat-plasticos-acrilicos-silicone","8":"product_shipping_class-correios","10":"first","11":"instock","12":"shipping-taxable","13":"product-type-simple"},"yoast_head":"<!-- This site is optimized with the Yoast SEO plugin v15.4 - https:\/\/yoast.com\/wordpress\/plugins\/seo\/ -->\n<title>Bisnaga Invertida 720 ml | Soberana Distribuidora<\/title>\n<meta name=\"description\" content=\"A bisnaga invertida de 720ml da Orcil \u00e9 produzida em pl\u00e1stico at\u00f3xico especial para alimentos e dispensa o produto pelo fundo. Confira!\" \/>\n<meta name=\"robots\" content=\"index, follow, max-snippet:-1, max-image-preview:large, max-video-preview:-1\" \/>\n<link rel=\"canonical\" href=\"https:\/\/soberanadistribuidora.com.br\/site\/?product=bisnaga-invertida-720-ml\" \/>\n<meta property=\"og:locale\" content=\"pt_BR\" \/>\n<meta property=\"og:type\" content=\"article\" \/>\n<meta property=\"og:title\" content=\"Bisnaga Invertida 720 ml | Soberana Distribuidora\" \/>\n<meta property=\"og:description\" content=\"A bisnaga invertida de 720ml da Orcil \u00e9 produzida em pl\u00e1stico at\u00f3xico especial para alimentos e dispensa o produto pelo fundo. Confira!\" \/>\n<meta property=\"og:url\" content=\"https:\/\/soberanadistribuidora.com.br\/site\/?product=bisnaga-invertida-720-ml\" \/>\n<meta property=\"og:site_name\" content=\"Soberana Distribuidora\" \/>\n<meta property=\"article:publisher\" content=\"https:\/\/www.facebook.com\/soberanadistribuidora\" \/>\n<meta property=\"article:modified_time\" content=\"2020-09-03T12:05:33+00:00\" \/>\n<meta property=\"og:image\" content=\"https:\/\/soberanadistribuidora.com.br\/site\/wp-content\/uploads\/2020\/05\/bisnaga-fifo.jpg\" \/>\n\t<meta property=\"og:image:width\" content=\"600\" \/>\n\t<meta property=\"og:image:height\" content=\"600\" \/>\n<meta name=\"twitter:card\" content=\"summary_large_image\" \/>\n<meta name=\"twitter:label1\" content=\"Written by\">\n\t<meta name=\"twitter:data1\" content=\"Clara Gon\u00e7alves de Oliveira\">\n\t<meta name=\"twitter:label2\" content=\"Est. reading time\">\n\t<meta name=\"twitter:data2\" content=\"1 minuto\">\n<script type=\"application\/ld+json\" class=\"yoast-schema-graph\">{\"@context\":\"https:\/\/schema.org\",\"@graph\":[{\"@type\":\"Organization\",\"@id\":\"https:\/\/soberanadistribuidora.com.br\/site\/#organization\",\"name\":\"Soberana Distribuidora\",\"url\":\"https:\/\/soberanadistribuidora.com.br\/site\/\",\"sameAs\":[\"https:\/\/www.facebook.com\/soberanadistribuidora\",\"https:\/\/www.instagram.com\/soberanadistribuidora\/\"],\"logo\":{\"@type\":\"ImageObject\",\"@id\":\"https:\/\/soberanadistribuidora.com.br\/site\/#logo\",\"inLanguage\":\"pt-BR\",\"url\":\"https:\/\/soberanadistribuidora.com.br\/site\/wp-content\/uploads\/2020\/04\/sob.png\",\"width\":244,\"height\":85,\"caption\":\"Soberana Distribuidora\"},\"image\":{\"@id\":\"https:\/\/soberanadistribuidora.com.br\/site\/#logo\"}},{\"@type\":\"WebSite\",\"@id\":\"https:\/\/soberanadistribuidora.com.br\/site\/#website\",\"url\":\"https:\/\/soberanadistribuidora.com.br\/site\/\",\"name\":\"Soberana Distribuidora\",\"description\":\"Utens\\u00edlios de cozinha para bares, hot\\u00e9is e restaurantes\",\"publisher\":{\"@id\":\"https:\/\/soberanadistribuidora.com.br\/site\/#organization\"},\"potentialAction\":[{\"@type\":\"SearchAction\",\"target\":\"https:\/\/soberanadistribuidora.com.br\/site\/?s={search_term_string}\",\"query-input\":\"required name=search_term_string\"}],\"inLanguage\":\"pt-BR\"},{\"@type\":\"ImageObject\",\"@id\":\"https:\/\/soberanadistribuidora.com.br\/site\/?product=bisnaga-invertida-720-ml#primaryimage\",\"inLanguage\":\"pt-BR\",\"url\":\"https:\/\/soberanadistribuidora.com.br\/site\/wp-content\/uploads\/2020\/05\/bisnaga-fifo.jpg\",\"width\":600,\"height\":600,\"caption\":\"bisnaga-invertida\"},{\"@type\":\"WebPage\",\"@id\":\"https:\/\/soberanadistribuidora.com.br\/site\/?product=bisnaga-invertida-720-ml#webpage\",\"url\":\"https:\/\/soberanadistribuidora.com.br\/site\/?product=bisnaga-invertida-720-ml\",\"name\":\"Bisnaga Invertida 720 ml | Soberana Distribuidora\",\"isPartOf\":{\"@id\":\"https:\/\/soberanadistribuidora.com.br\/site\/#website\"},\"primaryImageOfPage\":{\"@id\":\"https:\/\/soberanadistribuidora.com.br\/site\/?product=bisnaga-invertida-720-ml#primaryimage\"},\"datePublished\":\"2020-05-28T11:35:23+00:00\",\"dateModified\":\"2020-09-03T12:05:33+00:00\",\"description\":\"A bisnaga invertida de 720ml da Orcil \\u00e9 produzida em pl\\u00e1stico at\\u00f3xico especial para alimentos e dispensa o produto pelo fundo. Confira!\",\"inLanguage\":\"pt-BR\",\"potentialAction\":[{\"@type\":\"ReadAction\",\"target\":[\"https:\/\/soberanadistribuidora.com.br\/site\/?product=bisnaga-invertida-720-ml\"]}]}]}<\/script>\n<!-- \/ Yoast SEO plugin. -->","_links":{"self":[{"href":"https:\/\/soberanadistribuidora.com.br\/site\/index.php?rest_route=\/wp\/v2\/product\/11307","targetHints":{"allow":["GET"]}}],"collection":[{"href":"https:\/\/soberanadistribuidora.com.br\/site\/index.php?rest_route=\/wp\/v2\/product"}],"about":[{"href":"https:\/\/soberanadistribuidora.com.br\/site\/index.php?rest_route=\/wp\/v2\/types\/product"}],"replies":[{"embeddable":true,"href":"https:\/\/soberanadistribuidora.com.br\/site\/index.php?rest_route=%2Fwp%2Fv2%2Fcomments&post=11307"}],"wp:featuredmedia":[{"embeddable":true,"href":"https:\/\/soberanadistribuidora.com.br\/site\/index.php?rest_route=\/wp\/v2\/media\/11308"}],"wp:attachment":[{"href":"https:\/\/soberanadistribuidora.com.br\/site\/index.php?rest_route=%2Fwp%2Fv2%2Fmedia&parent=11307"}],"curies":[{"name":"wp","href":"https:\/\/api.w.org\/{rel}","templated":true}]}}