{"id":11258,"date":"2020-05-25T15:59:11","date_gmt":"2020-05-25T18:59:11","guid":{"rendered":"https:\/\/soberanadistribuidora.com.br\/site\/?post_type=product&#038;p=11258"},"modified":"2020-09-03T09:05:31","modified_gmt":"2020-09-03T12:05:31","slug":"faca-desossa-6","status":"publish","type":"product","link":"https:\/\/soberanadistribuidora.com.br\/site\/?product=faca-desossa-6","title":{"rendered":"Faca para Desossa 6&#8243; Cb Branco"},"content":{"rendered":"<p>A faca para desossa da MarcaMix &#8211; Gourmet Mix \u00e9 ideal para desossar carnes de todos os tipos com mais seguran\u00e7a e firmeza.<\/p>\n<p>Sua l\u00e2mina \u00e9 fabricada em inox especial, conferindo mais resist\u00eancia \u00e0 afia\u00e7\u00e3o. O cabo \u00e9 produzido em polipropileno, ergon\u00f4mico, seguro e higi\u00eanico, \u00e9 diretamente injetado sobre a l\u00e2mina, facilitando limpeza e evitando a reten\u00e7\u00e3o de res\u00edduos.<\/p>\n<p>Durante a lavagem, use apenas sab\u00e3o ou detergente e uma esponja macia. Enx\u00e1gue bem e seque imediatamente, caso contr\u00e1rio poder\u00e3o surgir manchas no inox.<\/p>\n<p>N\u00e3o utilizar palha de a\u00e7o, pois pode danificar o produto. Tenha cuidado ao manusear produtos cortantes e perfurantes.<\/p>\n<p>Mantenha-os fora do alcance de crian\u00e7as.<\/p>\n","protected":false},"excerpt":{"rendered":"<p><strong>Marca<\/strong>: MarcaMix &#8211; Gourmet Mix<\/p>\n","protected":false},"featured_media":11260,"comment_status":"open","ping_status":"closed","template":"","meta":{"_monsterinsights_skip_tracking":false,"_monsterinsights_sitenote_active":false,"_monsterinsights_sitenote_note":"","_monsterinsights_sitenote_category":0},"class_list":{"0":"post-11258","1":"product","2":"type-product","3":"status-publish","4":"has-post-thumbnail","6":"product_cat-inox","7":"product_cat-marcamix","8":"product_shipping_class-correios","10":"first","11":"instock","12":"shipping-taxable","13":"product-type-simple"},"yoast_head":"<!-- This site is optimized with the Yoast SEO plugin v15.4 - https:\/\/yoast.com\/wordpress\/plugins\/seo\/ -->\n<title>Faca para Desossa 6&quot; Cb Branco | Soberana Distribuidora<\/title>\n<meta name=\"description\" content=\"A faca para desossa da MarcaMix - Gourmet Mix \u00e9 ideal para desossar carnes de todos os tipos com mais seguran\u00e7a e firmeza. Confira!\" \/>\n<meta name=\"robots\" content=\"index, follow, max-snippet:-1, max-image-preview:large, max-video-preview:-1\" \/>\n<link rel=\"canonical\" href=\"https:\/\/soberanadistribuidora.com.br\/site\/?product=faca-desossa-6\" \/>\n<meta property=\"og:locale\" content=\"pt_BR\" \/>\n<meta property=\"og:type\" content=\"article\" \/>\n<meta property=\"og:title\" content=\"Faca para Desossa 6&quot; Cb Branco | Soberana Distribuidora\" \/>\n<meta property=\"og:description\" content=\"A faca para desossa da MarcaMix - Gourmet Mix \u00e9 ideal para desossar carnes de todos os tipos com mais seguran\u00e7a e firmeza. Confira!\" \/>\n<meta property=\"og:url\" content=\"https:\/\/soberanadistribuidora.com.br\/site\/?product=faca-desossa-6\" \/>\n<meta property=\"og:site_name\" content=\"Soberana Distribuidora\" \/>\n<meta property=\"article:publisher\" content=\"https:\/\/www.facebook.com\/soberanadistribuidora\" \/>\n<meta property=\"article:modified_time\" content=\"2020-09-03T12:05:31+00:00\" \/>\n<meta property=\"og:image\" content=\"https:\/\/soberanadistribuidora.com.br\/site\/wp-content\/uploads\/2020\/05\/faca-desossa-6.jpg\" \/>\n\t<meta property=\"og:image:width\" content=\"600\" \/>\n\t<meta property=\"og:image:height\" content=\"600\" \/>\n<meta name=\"twitter:card\" content=\"summary_large_image\" \/>\n<meta name=\"twitter:label1\" content=\"Written by\">\n\t<meta name=\"twitter:data1\" content=\"Clara Gon\u00e7alves de Oliveira\">\n\t<meta name=\"twitter:label2\" content=\"Est. reading time\">\n\t<meta name=\"twitter:data2\" content=\"0 minuto\">\n<script type=\"application\/ld+json\" class=\"yoast-schema-graph\">{\"@context\":\"https:\/\/schema.org\",\"@graph\":[{\"@type\":\"Organization\",\"@id\":\"https:\/\/soberanadistribuidora.com.br\/site\/#organization\",\"name\":\"Soberana Distribuidora\",\"url\":\"https:\/\/soberanadistribuidora.com.br\/site\/\",\"sameAs\":[\"https:\/\/www.facebook.com\/soberanadistribuidora\",\"https:\/\/www.instagram.com\/soberanadistribuidora\/\"],\"logo\":{\"@type\":\"ImageObject\",\"@id\":\"https:\/\/soberanadistribuidora.com.br\/site\/#logo\",\"inLanguage\":\"pt-BR\",\"url\":\"https:\/\/soberanadistribuidora.com.br\/site\/wp-content\/uploads\/2020\/04\/sob.png\",\"width\":244,\"height\":85,\"caption\":\"Soberana Distribuidora\"},\"image\":{\"@id\":\"https:\/\/soberanadistribuidora.com.br\/site\/#logo\"}},{\"@type\":\"WebSite\",\"@id\":\"https:\/\/soberanadistribuidora.com.br\/site\/#website\",\"url\":\"https:\/\/soberanadistribuidora.com.br\/site\/\",\"name\":\"Soberana Distribuidora\",\"description\":\"Utens\\u00edlios de cozinha para bares, hot\\u00e9is e restaurantes\",\"publisher\":{\"@id\":\"https:\/\/soberanadistribuidora.com.br\/site\/#organization\"},\"potentialAction\":[{\"@type\":\"SearchAction\",\"target\":\"https:\/\/soberanadistribuidora.com.br\/site\/?s={search_term_string}\",\"query-input\":\"required name=search_term_string\"}],\"inLanguage\":\"pt-BR\"},{\"@type\":\"ImageObject\",\"@id\":\"https:\/\/soberanadistribuidora.com.br\/site\/?product=faca-desossa-6#primaryimage\",\"inLanguage\":\"pt-BR\",\"url\":\"https:\/\/soberanadistribuidora.com.br\/site\/wp-content\/uploads\/2020\/05\/faca-desossa-6.jpg\",\"width\":600,\"height\":600,\"caption\":\"faca\"},{\"@type\":\"WebPage\",\"@id\":\"https:\/\/soberanadistribuidora.com.br\/site\/?product=faca-desossa-6#webpage\",\"url\":\"https:\/\/soberanadistribuidora.com.br\/site\/?product=faca-desossa-6\",\"name\":\"Faca para Desossa 6\\\" Cb Branco | Soberana Distribuidora\",\"isPartOf\":{\"@id\":\"https:\/\/soberanadistribuidora.com.br\/site\/#website\"},\"primaryImageOfPage\":{\"@id\":\"https:\/\/soberanadistribuidora.com.br\/site\/?product=faca-desossa-6#primaryimage\"},\"datePublished\":\"2020-05-25T18:59:11+00:00\",\"dateModified\":\"2020-09-03T12:05:31+00:00\",\"description\":\"A faca para desossa da MarcaMix - Gourmet Mix \\u00e9 ideal para desossar carnes de todos os tipos com mais seguran\\u00e7a e firmeza. Confira!\",\"inLanguage\":\"pt-BR\",\"potentialAction\":[{\"@type\":\"ReadAction\",\"target\":[\"https:\/\/soberanadistribuidora.com.br\/site\/?product=faca-desossa-6\"]}]}]}<\/script>\n<!-- \/ Yoast SEO plugin. -->","_links":{"self":[{"href":"https:\/\/soberanadistribuidora.com.br\/site\/index.php?rest_route=\/wp\/v2\/product\/11258","targetHints":{"allow":["GET"]}}],"collection":[{"href":"https:\/\/soberanadistribuidora.com.br\/site\/index.php?rest_route=\/wp\/v2\/product"}],"about":[{"href":"https:\/\/soberanadistribuidora.com.br\/site\/index.php?rest_route=\/wp\/v2\/types\/product"}],"replies":[{"embeddable":true,"href":"https:\/\/soberanadistribuidora.com.br\/site\/index.php?rest_route=%2Fwp%2Fv2%2Fcomments&post=11258"}],"wp:featuredmedia":[{"embeddable":true,"href":"https:\/\/soberanadistribuidora.com.br\/site\/index.php?rest_route=\/wp\/v2\/media\/11260"}],"wp:attachment":[{"href":"https:\/\/soberanadistribuidora.com.br\/site\/index.php?rest_route=%2Fwp%2Fv2%2Fmedia&parent=11258"}],"curies":[{"name":"wp","href":"https:\/\/api.w.org\/{rel}","templated":true}]}}