{"id":10880,"date":"2020-05-19T09:49:57","date_gmt":"2020-05-19T12:49:57","guid":{"rendered":"http:\/\/soberanadistribuidora.com.br\/site\/?post_type=product&#038;p=10880"},"modified":"2020-09-03T14:15:56","modified_gmt":"2020-09-03T17:15:56","slug":"colher-cha-mykonos-hercules","status":"publish","type":"product","link":"https:\/\/soberanadistribuidora.com.br\/site\/?product=colher-cha-mykonos-hercules","title":{"rendered":"Colher Ch\u00e1 Mykonos 12 Pe\u00e7as"},"content":{"rendered":"<p>A colher de ch\u00e1 Mykonos da H\u00e9rcules possui design contempor\u00e2neo e ergon\u00f4mico, acabamento em alto brilho e cabo maci\u00e7o. Ir\u00e1 proporcionar maior eleg\u00e2ncia em suas refei\u00e7\u00f5es, tornando-as \u00fanicas!<\/p>\n<p>S\u00e3o produzidas totalmente em a\u00e7o inox de alta qualidade garantindo leveza e praticidade.<\/p>\n<p>Durante a lavagem, use apenas sab\u00e3o ou detergente e uma esponja macia. Enxague bem e seque imediatamente, caso contrario poder\u00e3o surgir manchas no inox.<\/p>\n<p>N\u00e3o utilizar palha de a\u00e7o, pois pode danificar o produto.<\/p>\n","protected":false},"excerpt":{"rendered":"<p><strong>Marca:<\/strong> Mundial &#8211; H\u00e9rcules<\/p>\n","protected":false},"featured_media":10881,"comment_status":"open","ping_status":"closed","template":"","meta":{"_monsterinsights_skip_tracking":false,"_monsterinsights_sitenote_active":false,"_monsterinsights_sitenote_note":"","_monsterinsights_sitenote_category":0},"class_list":{"0":"post-10880","1":"product","2":"type-product","3":"status-publish","4":"has-post-thumbnail","6":"product_cat-inox","7":"product_cat-mundial","8":"product_shipping_class-correios","10":"first","11":"instock","12":"shipping-taxable","13":"product-type-simple"},"yoast_head":"<!-- This site is optimized with the Yoast SEO plugin v15.4 - https:\/\/yoast.com\/wordpress\/plugins\/seo\/ -->\n<title>Colher Ch\u00e1 Mykonos 12 Pe\u00e7as | Soberana Distribuidora<\/title>\n<meta name=\"description\" content=\"A colher de ch\u00e1 Mykonos da H\u00e9rcules possui design contempor\u00e2neo, acabamento em brilho e cabo maci\u00e7o. Ir\u00e1 proporcionar maior eleg\u00e2ncia em suas refei\u00e7\u00f5es!\" \/>\n<meta name=\"robots\" content=\"index, follow, max-snippet:-1, max-image-preview:large, max-video-preview:-1\" \/>\n<link rel=\"canonical\" href=\"https:\/\/soberanadistribuidora.com.br\/site\/?product=colher-cha-mykonos-hercules\" \/>\n<meta property=\"og:locale\" content=\"pt_BR\" \/>\n<meta property=\"og:type\" content=\"article\" \/>\n<meta property=\"og:title\" content=\"Colher Ch\u00e1 Mykonos 12 Pe\u00e7as | Soberana Distribuidora\" \/>\n<meta property=\"og:description\" content=\"A colher de ch\u00e1 Mykonos da H\u00e9rcules possui design contempor\u00e2neo, acabamento em brilho e cabo maci\u00e7o. Ir\u00e1 proporcionar maior eleg\u00e2ncia em suas refei\u00e7\u00f5es!\" \/>\n<meta property=\"og:url\" content=\"https:\/\/soberanadistribuidora.com.br\/site\/?product=colher-cha-mykonos-hercules\" \/>\n<meta property=\"og:site_name\" content=\"Soberana Distribuidora\" \/>\n<meta property=\"article:publisher\" content=\"https:\/\/www.facebook.com\/soberanadistribuidora\" \/>\n<meta property=\"article:modified_time\" content=\"2020-09-03T17:15:56+00:00\" \/>\n<meta property=\"og:image\" content=\"https:\/\/soberanadistribuidora.com.br\/site\/wp-content\/uploads\/2020\/05\/colher-cha-mykonos-hercules.jpg\" \/>\n\t<meta property=\"og:image:width\" content=\"600\" \/>\n\t<meta property=\"og:image:height\" content=\"600\" \/>\n<meta name=\"twitter:card\" content=\"summary_large_image\" \/>\n<meta name=\"twitter:label1\" content=\"Written by\">\n\t<meta name=\"twitter:data1\" content=\"Clara Gon\u00e7alves de Oliveira\">\n\t<meta name=\"twitter:label2\" content=\"Est. reading time\">\n\t<meta name=\"twitter:data2\" content=\"0 minuto\">\n<script type=\"application\/ld+json\" class=\"yoast-schema-graph\">{\"@context\":\"https:\/\/schema.org\",\"@graph\":[{\"@type\":\"Organization\",\"@id\":\"https:\/\/soberanadistribuidora.com.br\/site\/#organization\",\"name\":\"Soberana Distribuidora\",\"url\":\"https:\/\/soberanadistribuidora.com.br\/site\/\",\"sameAs\":[\"https:\/\/www.facebook.com\/soberanadistribuidora\",\"https:\/\/www.instagram.com\/soberanadistribuidora\/\"],\"logo\":{\"@type\":\"ImageObject\",\"@id\":\"https:\/\/soberanadistribuidora.com.br\/site\/#logo\",\"inLanguage\":\"pt-BR\",\"url\":\"https:\/\/soberanadistribuidora.com.br\/site\/wp-content\/uploads\/2020\/04\/sob.png\",\"width\":244,\"height\":85,\"caption\":\"Soberana Distribuidora\"},\"image\":{\"@id\":\"https:\/\/soberanadistribuidora.com.br\/site\/#logo\"}},{\"@type\":\"WebSite\",\"@id\":\"https:\/\/soberanadistribuidora.com.br\/site\/#website\",\"url\":\"https:\/\/soberanadistribuidora.com.br\/site\/\",\"name\":\"Soberana Distribuidora\",\"description\":\"Utens\\u00edlios de cozinha para bares, hot\\u00e9is e restaurantes\",\"publisher\":{\"@id\":\"https:\/\/soberanadistribuidora.com.br\/site\/#organization\"},\"potentialAction\":[{\"@type\":\"SearchAction\",\"target\":\"https:\/\/soberanadistribuidora.com.br\/site\/?s={search_term_string}\",\"query-input\":\"required name=search_term_string\"}],\"inLanguage\":\"pt-BR\"},{\"@type\":\"ImageObject\",\"@id\":\"https:\/\/soberanadistribuidora.com.br\/site\/?product=colher-cha-mykonos-hercules#primaryimage\",\"inLanguage\":\"pt-BR\",\"url\":\"https:\/\/soberanadistribuidora.com.br\/site\/wp-content\/uploads\/2020\/05\/colher-cha-mykonos-hercules.jpg\",\"width\":600,\"height\":600,\"caption\":\"colher-mykonos\"},{\"@type\":\"WebPage\",\"@id\":\"https:\/\/soberanadistribuidora.com.br\/site\/?product=colher-cha-mykonos-hercules#webpage\",\"url\":\"https:\/\/soberanadistribuidora.com.br\/site\/?product=colher-cha-mykonos-hercules\",\"name\":\"Colher Ch\\u00e1 Mykonos 12 Pe\\u00e7as | Soberana Distribuidora\",\"isPartOf\":{\"@id\":\"https:\/\/soberanadistribuidora.com.br\/site\/#website\"},\"primaryImageOfPage\":{\"@id\":\"https:\/\/soberanadistribuidora.com.br\/site\/?product=colher-cha-mykonos-hercules#primaryimage\"},\"datePublished\":\"2020-05-19T12:49:57+00:00\",\"dateModified\":\"2020-09-03T17:15:56+00:00\",\"description\":\"A colher de ch\\u00e1 Mykonos da H\\u00e9rcules possui design contempor\\u00e2neo, acabamento em brilho e cabo maci\\u00e7o. Ir\\u00e1 proporcionar maior eleg\\u00e2ncia em suas refei\\u00e7\\u00f5es!\",\"inLanguage\":\"pt-BR\",\"potentialAction\":[{\"@type\":\"ReadAction\",\"target\":[\"https:\/\/soberanadistribuidora.com.br\/site\/?product=colher-cha-mykonos-hercules\"]}]}]}<\/script>\n<!-- \/ Yoast SEO plugin. -->","_links":{"self":[{"href":"https:\/\/soberanadistribuidora.com.br\/site\/index.php?rest_route=\/wp\/v2\/product\/10880","targetHints":{"allow":["GET"]}}],"collection":[{"href":"https:\/\/soberanadistribuidora.com.br\/site\/index.php?rest_route=\/wp\/v2\/product"}],"about":[{"href":"https:\/\/soberanadistribuidora.com.br\/site\/index.php?rest_route=\/wp\/v2\/types\/product"}],"replies":[{"embeddable":true,"href":"https:\/\/soberanadistribuidora.com.br\/site\/index.php?rest_route=%2Fwp%2Fv2%2Fcomments&post=10880"}],"wp:featuredmedia":[{"embeddable":true,"href":"https:\/\/soberanadistribuidora.com.br\/site\/index.php?rest_route=\/wp\/v2\/media\/10881"}],"wp:attachment":[{"href":"https:\/\/soberanadistribuidora.com.br\/site\/index.php?rest_route=%2Fwp%2Fv2%2Fmedia&parent=10880"}],"curies":[{"name":"wp","href":"https:\/\/api.w.org\/{rel}","templated":true}]}}